{"id":1446,"date":"2023-04-23T00:31:55","date_gmt":"2023-04-22T22:31:55","guid":{"rendered":"http:\/\/aopyqbm.cluster027.hosting.ovh.net\/?page_id=1446"},"modified":"2026-02-19T17:29:37","modified_gmt":"2026-02-19T16:29:37","slug":"politique-de-confidentialite","status":"publish","type":"page","link":"https:\/\/blanche.legal\/index.php\/politique-de-confidentialite\/","title":{"rendered":"Politique de confidentialit\u00e9"},"content":{"rendered":"\t\t<div data-elementor-type=\"wp-page\" data-elementor-id=\"1446\" class=\"elementor elementor-1446\">\n\t\t\t\t\t\t<section class=\"elementor-section elementor-top-section elementor-element elementor-element-0d5977e elementor-section-boxed elementor-section-height-default elementor-section-height-default\" data-id=\"0d5977e\" data-element_type=\"section\" data-e-type=\"section\">\n\t\t\t\t\t\t<div class=\"elementor-container elementor-column-gap-default\">\n\t\t\t\t\t<div class=\"elementor-column elementor-col-100 elementor-top-column elementor-element elementor-element-7402866\" data-id=\"7402866\" data-element_type=\"column\" data-e-type=\"column\">\n\t\t\t<div class=\"elementor-widget-wrap elementor-element-populated\">\n\t\t\t\t\t\t<div class=\"elementor-element elementor-element-864cca5 elementor-widget elementor-widget-spacer\" data-id=\"864cca5\" data-element_type=\"widget\" data-e-type=\"widget\" data-widget_type=\"spacer.default\">\n\t\t\t\t<div class=\"elementor-widget-container\">\n\t\t\t\t\t\t\t<div class=\"elementor-spacer\">\n\t\t\t<div class=\"elementor-spacer-inner\"><\/div>\n\t\t<\/div>\n\t\t\t\t\t\t<\/div>\n\t\t\t\t<\/div>\n\t\t\t\t<div class=\"elementor-element elementor-element-0c56f0f elementor-widget elementor-widget-heading\" data-id=\"0c56f0f\" data-element_type=\"widget\" data-e-type=\"widget\" data-widget_type=\"heading.default\">\n\t\t\t\t<div class=\"elementor-widget-container\">\n\t\t\t\t\t<h2 class=\"elementor-heading-title elementor-size-default\">Politique de protection des donn\u00e9es personnelles<\/h2>\t\t\t\t<\/div>\n\t\t\t\t<\/div>\n\t\t\t\t<div class=\"elementor-element elementor-element-e91618e NoMargin elementor-widget__width-initial elementor-widget elementor-widget-text-editor\" data-id=\"e91618e\" data-element_type=\"widget\" data-e-type=\"widget\" data-widget_type=\"text-editor.default\">\n\t\t\t\t<div class=\"elementor-widget-container\">\n\t\t\t\t\t\t\t\t\t<div class=\"elementor-element elementor-element-e91618e NoMargin elementor-widget__width-initial elementor-widget elementor-widget-text-editor\" data-id=\"e91618e\" data-element_type=\"widget\" data-e-type=\"widget\" data-widget_type=\"text-editor.default\"><div class=\"elementor-widget-container\"><p>Dans le cadre de ses activit\u00e9s, le cabinet Blanche Avocats (\u00ab\u00a0<em>nous\u00a0<\/em>\u00bb) collecte et traite les donn\u00e9es personnelles de ses clients et partenaires (\u00ab\u00a0<em>vous<\/em>\u00a0\u00bb).<\/p><p>Ainsi, la pr\u00e9sente politique relative \u00e0 la protection des donn\u00e9es personnelles a pour objet d\u2019exposer les modalit\u00e9s et conditions des traitements de vos donn\u00e9es personnelles.<\/p><\/div><\/div>\t\t\t\t\t\t\t\t<\/div>\n\t\t\t\t<\/div>\n\t\t\t\t<div class=\"elementor-element elementor-element-b1ccd1d elementor-widget elementor-widget-accordion\" data-id=\"b1ccd1d\" data-element_type=\"widget\" data-e-type=\"widget\" data-widget_type=\"accordion.default\">\n\t\t\t\t<div class=\"elementor-widget-container\">\n\t\t\t\t\t\t\t<div class=\"elementor-accordion\">\n\t\t\t\t\t\t\t<div class=\"elementor-accordion-item\">\n\t\t\t\t\t<div id=\"elementor-tab-title-1861\" class=\"elementor-tab-title\" data-tab=\"1\" role=\"button\" aria-controls=\"elementor-tab-content-1861\" aria-expanded=\"false\">\n\t\t\t\t\t\t\t\t\t\t\t\t\t<span class=\"elementor-accordion-icon elementor-accordion-icon-left\" aria-hidden=\"true\">\n\t\t\t\t\t\t\t\t\t\t\t\t\t\t\t<span class=\"elementor-accordion-icon-closed\"><i class=\"fas fa-plus\"><\/i><\/span>\n\t\t\t\t\t\t\t\t<span class=\"elementor-accordion-icon-opened\"><i class=\"fas fa-minus\"><\/i><\/span>\n\t\t\t\t\t\t\t\t\t\t\t\t\t\t<\/span>\n\t\t\t\t\t\t\t\t\t\t\t\t<a class=\"elementor-accordion-title\" tabindex=\"0\">RESPONSABLE DU TRAITEMENT<\/a>\n\t\t\t\t\t<\/div>\n\t\t\t\t\t<div id=\"elementor-tab-content-1861\" class=\"elementor-tab-content elementor-clearfix\" data-tab=\"1\" role=\"region\" aria-labelledby=\"elementor-tab-title-1861\">Le cabinet Blanche Avocats est le responsable du traitement des donn\u00e9es personnelles qu\u2019il collecte et traite.\nLe cabinet Blanche Avocats est une AARPI (Association d\u2019Avocats \u00e0 Responsabilit\u00e9 Professionnelle Individuelle) situ\u00e9e 43 rue Blanche, 75009 Paris (SIREN 923 067 896).\nToque : G0484\nEmail de contact :\u00a0<a href=\"mailto:mattern@blanche.legal\">mattern@blanche.legal<\/a><\/div>\n\t\t\t\t<\/div>\n\t\t\t\t\t\t\t<div class=\"elementor-accordion-item\">\n\t\t\t\t\t<div id=\"elementor-tab-title-1862\" class=\"elementor-tab-title\" data-tab=\"2\" role=\"button\" aria-controls=\"elementor-tab-content-1862\" aria-expanded=\"false\">\n\t\t\t\t\t\t\t\t\t\t\t\t\t<span class=\"elementor-accordion-icon elementor-accordion-icon-left\" aria-hidden=\"true\">\n\t\t\t\t\t\t\t\t\t\t\t\t\t\t\t<span class=\"elementor-accordion-icon-closed\"><i class=\"fas fa-plus\"><\/i><\/span>\n\t\t\t\t\t\t\t\t<span class=\"elementor-accordion-icon-opened\"><i class=\"fas fa-minus\"><\/i><\/span>\n\t\t\t\t\t\t\t\t\t\t\t\t\t\t<\/span>\n\t\t\t\t\t\t\t\t\t\t\t\t<a class=\"elementor-accordion-title\" tabindex=\"0\">CAT\u00c9GORIES DE DONN\u00c9ES PERSONNELLES<\/a>\n\t\t\t\t\t<\/div>\n\t\t\t\t\t<div id=\"elementor-tab-content-1862\" class=\"elementor-tab-content elementor-clearfix\" data-tab=\"2\" role=\"region\" aria-labelledby=\"elementor-tab-title-1862\">Nous sommes susceptibles de collecter et de traiter vos donn\u00e9es personnelles dans le cadre de la mise en \u0153uvre de nos services, lorsque vous nous contactez ou demandez des informations. Ces donn\u00e9es personnelles sont principalement :\n<ul style=\"list-style-type: disc; padding-left: 20px; margin-left: 20px;\"> \t<li>Les coordonn\u00e9es de contact (nom, pr\u00e9nom, adresse email, profession \u2026),<\/li>\n \t<li>Des informations financi\u00e8res, notamment aux fins de paiement,<\/li>\n \t<li>Des donn\u00e9es sensibles telles que des donn\u00e9es relatives \u00e0 l\u2019\u00e9tat de sant\u00e9 ou \u00e0 des condamnations p\u00e9nales,<\/li>\n<\/ul>\nEt plus g\u00e9n\u00e9ralement toute donn\u00e9e personnelle qui nous a \u00e9t\u00e9 transmise dans le cadre de la mise en \u0153uvre de nos services.\nNous faisons nos meilleurs efforts pour maintenir les donn\u00e9es personnelles exactes et compl\u00e8tes. Pour\u00a0s\u2019assurer que nous disposons des informations \u00e0 jour, vous pouvez nous faire part de tout changement de vos coordonn\u00e9es ou de toute autre donn\u00e9e, en nous contactant aux coordonn\u00e9es susvis\u00e9es.<\/div>\n\t\t\t\t<\/div>\n\t\t\t\t\t\t\t<div class=\"elementor-accordion-item\">\n\t\t\t\t\t<div id=\"elementor-tab-title-1863\" class=\"elementor-tab-title\" data-tab=\"3\" role=\"button\" aria-controls=\"elementor-tab-content-1863\" aria-expanded=\"false\">\n\t\t\t\t\t\t\t\t\t\t\t\t\t<span class=\"elementor-accordion-icon elementor-accordion-icon-left\" aria-hidden=\"true\">\n\t\t\t\t\t\t\t\t\t\t\t\t\t\t\t<span class=\"elementor-accordion-icon-closed\"><i class=\"fas fa-plus\"><\/i><\/span>\n\t\t\t\t\t\t\t\t<span class=\"elementor-accordion-icon-opened\"><i class=\"fas fa-minus\"><\/i><\/span>\n\t\t\t\t\t\t\t\t\t\t\t\t\t\t<\/span>\n\t\t\t\t\t\t\t\t\t\t\t\t<a class=\"elementor-accordion-title\" tabindex=\"0\">COOKIES<\/a>\n\t\t\t\t\t<\/div>\n\t\t\t\t\t<div id=\"elementor-tab-content-1863\" class=\"elementor-tab-content elementor-clearfix\" data-tab=\"3\" role=\"region\" aria-labelledby=\"elementor-tab-title-1863\">Afin d\u2019am\u00e9liorer votre exp\u00e9rience de navigation, nous utilisons des technologies telles que les cookies pour m\u00e9moriser vos pr\u00e9f\u00e9rences, notamment la langue d\u2019affichage du site. En acceptant ces technologies, vous nous autorisez \u00e0 traiter ces donn\u00e9es dans le but de conserver vos param\u00e8tres linguistiques lors de vos visites. Le refus ou le retrait de votre consentement peut limiter certaines fonctionnalit\u00e9s et affecter la qualit\u00e9 de votre exp\u00e9rience sur notre site.<\/div>\n\t\t\t\t<\/div>\n\t\t\t\t\t\t\t<div class=\"elementor-accordion-item\">\n\t\t\t\t\t<div id=\"elementor-tab-title-1864\" class=\"elementor-tab-title\" data-tab=\"4\" role=\"button\" aria-controls=\"elementor-tab-content-1864\" aria-expanded=\"false\">\n\t\t\t\t\t\t\t\t\t\t\t\t\t<span class=\"elementor-accordion-icon elementor-accordion-icon-left\" aria-hidden=\"true\">\n\t\t\t\t\t\t\t\t\t\t\t\t\t\t\t<span class=\"elementor-accordion-icon-closed\"><i class=\"fas fa-plus\"><\/i><\/span>\n\t\t\t\t\t\t\t\t<span class=\"elementor-accordion-icon-opened\"><i class=\"fas fa-minus\"><\/i><\/span>\n\t\t\t\t\t\t\t\t\t\t\t\t\t\t<\/span>\n\t\t\t\t\t\t\t\t\t\t\t\t<a class=\"elementor-accordion-title\" tabindex=\"0\">FINALIT\u00c9S ET BASES L\u00c9GALES DES TRAITEMENTS<\/a>\n\t\t\t\t\t<\/div>\n\t\t\t\t\t<div id=\"elementor-tab-content-1864\" class=\"elementor-tab-content elementor-clearfix\" data-tab=\"4\" role=\"region\" aria-labelledby=\"elementor-tab-title-1864\">Nous traitons les donn\u00e9es n\u00e9cessaires pour poursuivre les finalit\u00e9s suivantes :\n<ol>\n \t<li>Pour la gestion de la relation client au quotidien et la mise en \u0153uvre de nos services : notamment gestion des dossiers clients (contacts clients, \u00e9tude de cas, assistance, d\u00e9fense des droits et conseil, n\u00e9gociations \u2026), facturation, gestion des comptes client, des impay\u00e9s et du contentieux. Le traitement de ces donn\u00e9es est n\u00e9cessaire pour la mise en \u0153uvre de nos services.<\/li>\n \t<li>Pour l\u2019ex\u00e9cution de nos missions, nous sommes amen\u00e9s \u00e0 traiter des donn\u00e9es sensibles et des donn\u00e9es relatives aux condamnations p\u00e9nales et aux infractions aux fins d\u2019assistance, de conseil et de repr\u00e9sentation du client. Ces traitements sont n\u00e9cessaires \u00e0 la d\u00e9fense des droits de nos clients et pour les stricts besoins de l\u2019exercice des missions qui nous sont confi\u00e9es.<\/li>\n<\/ol>\n<ol start=\"3\">\n \t<li>Pour satisfaire \u00e0 nos obligations l\u00e9gales et r\u00e8glementaires et pour la gestion des demandes d\u2019exercice des droits au titre du traitement des donn\u00e9es personnelles.<\/li>\n<\/ol><\/div>\n\t\t\t\t<\/div>\n\t\t\t\t\t\t\t<div class=\"elementor-accordion-item\">\n\t\t\t\t\t<div id=\"elementor-tab-title-1865\" class=\"elementor-tab-title\" data-tab=\"5\" role=\"button\" aria-controls=\"elementor-tab-content-1865\" aria-expanded=\"false\">\n\t\t\t\t\t\t\t\t\t\t\t\t\t<span class=\"elementor-accordion-icon elementor-accordion-icon-left\" aria-hidden=\"true\">\n\t\t\t\t\t\t\t\t\t\t\t\t\t\t\t<span class=\"elementor-accordion-icon-closed\"><i class=\"fas fa-plus\"><\/i><\/span>\n\t\t\t\t\t\t\t\t<span class=\"elementor-accordion-icon-opened\"><i class=\"fas fa-minus\"><\/i><\/span>\n\t\t\t\t\t\t\t\t\t\t\t\t\t\t<\/span>\n\t\t\t\t\t\t\t\t\t\t\t\t<a class=\"elementor-accordion-title\" tabindex=\"0\">COMMUNICATION DES DONN\u00c9ES PERSONNELLES<\/a>\n\t\t\t\t\t<\/div>\n\t\t\t\t\t<div id=\"elementor-tab-content-1865\" class=\"elementor-tab-content elementor-clearfix\" data-tab=\"5\" role=\"region\" aria-labelledby=\"elementor-tab-title-1865\">Vos donn\u00e9es personnelles peuvent \u00eatre transmises, dans la mesure de ce qui est n\u00e9cessaire et sous r\u00e9serve de votre information pr\u00e9alable, aux personnes tierces intervenant pour les besoins des missions qui nous sont confi\u00e9es (correspondants locaux, experts, traducteurs\u2026).<\/div>\n\t\t\t\t<\/div>\n\t\t\t\t\t\t\t<div class=\"elementor-accordion-item\">\n\t\t\t\t\t<div id=\"elementor-tab-title-1866\" class=\"elementor-tab-title\" data-tab=\"6\" role=\"button\" aria-controls=\"elementor-tab-content-1866\" aria-expanded=\"false\">\n\t\t\t\t\t\t\t\t\t\t\t\t\t<span class=\"elementor-accordion-icon elementor-accordion-icon-left\" aria-hidden=\"true\">\n\t\t\t\t\t\t\t\t\t\t\t\t\t\t\t<span class=\"elementor-accordion-icon-closed\"><i class=\"fas fa-plus\"><\/i><\/span>\n\t\t\t\t\t\t\t\t<span class=\"elementor-accordion-icon-opened\"><i class=\"fas fa-minus\"><\/i><\/span>\n\t\t\t\t\t\t\t\t\t\t\t\t\t\t<\/span>\n\t\t\t\t\t\t\t\t\t\t\t\t<a class=\"elementor-accordion-title\" tabindex=\"0\">S\u00c9CURIT\u00c9<\/a>\n\t\t\t\t\t<\/div>\n\t\t\t\t\t<div id=\"elementor-tab-content-1866\" class=\"elementor-tab-content elementor-clearfix\" data-tab=\"6\" role=\"region\" aria-labelledby=\"elementor-tab-title-1866\">Nous mettons en \u0153uvre les mesures organisationnelles, techniques et logicielles appropri\u00e9es en mati\u00e8re de s\u00e9curit\u00e9 physique et informatique pour prot\u00e9ger les donn\u00e9es personnelles contre toute perte, acc\u00e8s non autoris\u00e9, divulgation ou alt\u00e9ration.<\/div>\n\t\t\t\t<\/div>\n\t\t\t\t\t\t\t<div class=\"elementor-accordion-item\">\n\t\t\t\t\t<div id=\"elementor-tab-title-1867\" class=\"elementor-tab-title\" data-tab=\"7\" role=\"button\" aria-controls=\"elementor-tab-content-1867\" aria-expanded=\"false\">\n\t\t\t\t\t\t\t\t\t\t\t\t\t<span class=\"elementor-accordion-icon elementor-accordion-icon-left\" aria-hidden=\"true\">\n\t\t\t\t\t\t\t\t\t\t\t\t\t\t\t<span class=\"elementor-accordion-icon-closed\"><i class=\"fas fa-plus\"><\/i><\/span>\n\t\t\t\t\t\t\t\t<span class=\"elementor-accordion-icon-opened\"><i class=\"fas fa-minus\"><\/i><\/span>\n\t\t\t\t\t\t\t\t\t\t\t\t\t\t<\/span>\n\t\t\t\t\t\t\t\t\t\t\t\t<a class=\"elementor-accordion-title\" tabindex=\"0\">CONSERVATION DES DONN\u00c9ES<\/a>\n\t\t\t\t\t<\/div>\n\t\t\t\t\t<div id=\"elementor-tab-content-1867\" class=\"elementor-tab-content elementor-clearfix\" data-tab=\"7\" role=\"region\" aria-labelledby=\"elementor-tab-title-1867\">Les donn\u00e9es personnelles trait\u00e9es sont conserv\u00e9es pendant la dur\u00e9e strictement n\u00e9cessaire pour r\u00e9aliser la finalit\u00e9 pour laquelle les donn\u00e9es sont collect\u00e9es. Les donn\u00e9es n\u00e9cessaires \u00e0 la r\u00e9alisation des services sont conserv\u00e9es durant la relation contractuelle entre le cabinet et le client puis pendant cinq ann\u00e9es au terme de cette relation.\nLes factures et autres documents comptables sont conserv\u00e9s pendant 10 ann\u00e9es.<\/div>\n\t\t\t\t<\/div>\n\t\t\t\t\t\t\t<div class=\"elementor-accordion-item\">\n\t\t\t\t\t<div id=\"elementor-tab-title-1868\" class=\"elementor-tab-title\" data-tab=\"8\" role=\"button\" aria-controls=\"elementor-tab-content-1868\" aria-expanded=\"false\">\n\t\t\t\t\t\t\t\t\t\t\t\t\t<span class=\"elementor-accordion-icon elementor-accordion-icon-left\" aria-hidden=\"true\">\n\t\t\t\t\t\t\t\t\t\t\t\t\t\t\t<span class=\"elementor-accordion-icon-closed\"><i class=\"fas fa-plus\"><\/i><\/span>\n\t\t\t\t\t\t\t\t<span class=\"elementor-accordion-icon-opened\"><i class=\"fas fa-minus\"><\/i><\/span>\n\t\t\t\t\t\t\t\t\t\t\t\t\t\t<\/span>\n\t\t\t\t\t\t\t\t\t\t\t\t<a class=\"elementor-accordion-title\" tabindex=\"0\">VOS DROITS<\/a>\n\t\t\t\t\t<\/div>\n\t\t\t\t\t<div id=\"elementor-tab-content-1868\" class=\"elementor-tab-content elementor-clearfix\" data-tab=\"8\" role=\"region\" aria-labelledby=\"elementor-tab-title-1868\">Vous \u00eates inform\u00e9s que vous disposez, dans les conditions de la loi, d\u2019un droit d\u2019acc\u00e8s, de rectification, d\u2019effacement et de portabilit\u00e9 de leurs donn\u00e9es personnelles, ainsi que d\u2019un droit de limitation et d\u2019opposition au traitement de ces donn\u00e9es.\nVous disposez \u00e9galement du droit d\u2019organiser le sort de vos donn\u00e9es personnelles en cas de d\u00e9c\u00e8s, ainsi que du droit d\u2019introduire une r\u00e9clamation aupr\u00e8s de la CNIL, dont le site internet est accessible \u00e0 l\u2019adresse suivante https:\/\/www.cnil.fr et dont le si\u00e8ge est situ\u00e9 3 Place de Fontenoy, 75007 Paris.\nVous pouvez exercer, sans frais, vos droits en nous contactant aux coordonn\u00e9es ci-dessus.<\/div>\n\t\t\t\t<\/div>\n\t\t\t\t\t\t\t\t<\/div>\n\t\t\t\t\t\t<\/div>\n\t\t\t\t<\/div>\n\t\t\t\t<div class=\"elementor-element elementor-element-4908cdf elementor-widget-divider--view-line elementor-widget elementor-widget-divider\" data-id=\"4908cdf\" data-element_type=\"widget\" data-e-type=\"widget\" data-widget_type=\"divider.default\">\n\t\t\t\t<div class=\"elementor-widget-container\">\n\t\t\t\t\t\t\t<div class=\"elementor-divider\">\n\t\t\t<span class=\"elementor-divider-separator\">\n\t\t\t\t\t\t<\/span>\n\t\t<\/div>\n\t\t\t\t\t\t<\/div>\n\t\t\t\t<\/div>\n\t\t\t\t\t<\/div>\n\t\t<\/div>\n\t\t\t\t\t<\/div>\n\t\t<\/section>\n\t\t\t\t<section class=\"elementor-section elementor-top-section elementor-element elementor-element-7908490 elementor-section-boxed elementor-section-height-default elementor-section-height-default\" data-id=\"7908490\" data-element_type=\"section\" data-e-type=\"section\">\n\t\t\t\t\t\t<div class=\"elementor-container elementor-column-gap-default\">\n\t\t\t\t\t<div class=\"elementor-column elementor-col-20 elementor-top-column elementor-element elementor-element-b4383dc\" data-id=\"b4383dc\" data-element_type=\"column\" data-e-type=\"column\">\n\t\t\t<div class=\"elementor-widget-wrap\">\n\t\t\t\t\t\t\t<\/div>\n\t\t<\/div>\n\t\t\t\t<div class=\"elementor-column elementor-col-20 elementor-top-column elementor-element elementor-element-259839d\" data-id=\"259839d\" data-element_type=\"column\" data-e-type=\"column\">\n\t\t\t<div class=\"elementor-widget-wrap elementor-element-populated\">\n\t\t\t\t\t\t<div class=\"elementor-element elementor-element-20b1436 elementor-hidden-mobile elementor-widget elementor-widget-text-editor\" data-id=\"20b1436\" data-element_type=\"widget\" data-e-type=\"widget\" data-widget_type=\"text-editor.default\">\n\t\t\t\t<div class=\"elementor-widget-container\">\n\t\t\t\t\t\t\t\t\t<p><a href=\"https:\/\/blanche.legal\/index.php\/politique-de-confidentialite\/\">Politique de confidentialit\u00e9<\/a><\/p>\t\t\t\t\t\t\t\t<\/div>\n\t\t\t\t<\/div>\n\t\t\t\t\t<\/div>\n\t\t<\/div>\n\t\t\t\t<div class=\"elementor-column elementor-col-20 elementor-top-column elementor-element elementor-element-d8447fb\" data-id=\"d8447fb\" data-element_type=\"column\" data-e-type=\"column\">\n\t\t\t<div class=\"elementor-widget-wrap elementor-element-populated\">\n\t\t\t\t\t\t<div class=\"elementor-element elementor-element-893112c elementor-widget elementor-widget-image\" data-id=\"893112c\" data-element_type=\"widget\" data-e-type=\"widget\" data-widget_type=\"image.default\">\n\t\t\t\t<div class=\"elementor-widget-container\">\n\t\t\t\t\t\t\t\t\t\t\t\t\t\t\t\t<a href=\"https:\/\/www.linkedin.com\/company\/blanche-avocats\" target=\"_blank\">\n\t\t\t\t\t\t\t<img decoding=\"async\" src=\"https:\/\/blanche.legal\/wp-content\/uploads\/2025\/11\/Linkedin.svg\" alt=\"Linkedin\" loading=\"lazy\" \/>\t\t\t\t\t\t\t\t<\/a>\n\t\t\t\t\t\t\t\t\t\t\t\t\t\t\t<\/div>\n\t\t\t\t<\/div>\n\t\t\t\t\t<\/div>\n\t\t<\/div>\n\t\t\t\t<div class=\"elementor-column elementor-col-20 elementor-top-column elementor-element elementor-element-5d9342b\" data-id=\"5d9342b\" data-element_type=\"column\" data-e-type=\"column\">\n\t\t\t<div class=\"elementor-widget-wrap elementor-element-populated\">\n\t\t\t\t\t\t<div class=\"elementor-element elementor-element-22daeb4 NoMargin elementor-hidden-desktop elementor-hidden-tablet elementor-widget elementor-widget-text-editor\" data-id=\"22daeb4\" data-element_type=\"widget\" data-e-type=\"widget\" data-widget_type=\"text-editor.default\">\n\t\t\t\t<div class=\"elementor-widget-container\">\n\t\t\t\t\t\t\t\t\t<p><a href=\"https:\/\/blanche.legal\/index.php\/politique-de-confidentialite\/\">Politique de confidentialit\u00e9<\/a><\/p>\t\t\t\t\t\t\t\t<\/div>\n\t\t\t\t<\/div>\n\t\t\t\t<div class=\"elementor-element elementor-element-d0e20b5 NoMargin elementor-widget elementor-widget-text-editor\" data-id=\"d0e20b5\" data-element_type=\"widget\" data-e-type=\"widget\" data-widget_type=\"text-editor.default\">\n\t\t\t\t<div class=\"elementor-widget-container\">\n\t\t\t\t\t\t\t\t\t<p><a href=\"https:\/\/blanche.legal\/index.php\/mentions-legales\/\">Mentions l\u00e9gales<\/a><\/p>\t\t\t\t\t\t\t\t<\/div>\n\t\t\t\t<\/div>\n\t\t\t\t\t<\/div>\n\t\t<\/div>\n\t\t\t\t<div class=\"elementor-column elementor-col-20 elementor-top-column elementor-element elementor-element-db19825\" data-id=\"db19825\" data-element_type=\"column\" data-e-type=\"column\">\n\t\t\t<div class=\"elementor-widget-wrap\">\n\t\t\t\t\t\t\t<\/div>\n\t\t<\/div>\n\t\t\t\t\t<\/div>\n\t\t<\/section>\n\t\t\t\t<\/div>\n\t\t","protected":false},"excerpt":{"rendered":"<p>Politique de protection des donn\u00e9es personnelles Dans le cadre de ses activit\u00e9s, le cabinet Blanche Avocats (\u00ab\u00a0nous\u00a0\u00bb) collecte et traite les donn\u00e9es personnelles de ses clients et partenaires (\u00ab\u00a0vous\u00a0\u00bb). Ainsi, la pr\u00e9sente politique relative \u00e0 la protection des donn\u00e9es personnelles a pour objet d\u2019exposer les modalit\u00e9s et conditions des traitements de vos donn\u00e9es personnelles. RESPONSABLE&hellip;&nbsp;<a href=\"https:\/\/blanche.legal\/index.php\/politique-de-confidentialite\/\" class=\"\" rel=\"bookmark\">Lire la suite &raquo;<span class=\"screen-reader-text\">Politique de confidentialit\u00e9<\/span><\/a><\/p>\n","protected":false},"author":1,"featured_media":0,"parent":0,"menu_order":0,"comment_status":"closed","ping_status":"closed","template":"page-templates\/template-pagebuilder-full-width.php","meta":{"inline_featured_image":false,"neve_meta_sidebar":"","neve_meta_container":"","neve_meta_enable_content_width":"","neve_meta_content_width":0,"neve_meta_title_alignment":"","neve_meta_author_avatar":"","neve_post_elements_order":"","neve_meta_disable_header":"","neve_meta_disable_footer":"","neve_meta_disable_title":"","footnotes":""},"class_list":["post-1446","page","type-page","status-publish","hentry"],"_links":{"self":[{"href":"https:\/\/blanche.legal\/index.php\/wp-json\/wp\/v2\/pages\/1446","targetHints":{"allow":["GET"]}}],"collection":[{"href":"https:\/\/blanche.legal\/index.php\/wp-json\/wp\/v2\/pages"}],"about":[{"href":"https:\/\/blanche.legal\/index.php\/wp-json\/wp\/v2\/types\/page"}],"author":[{"embeddable":true,"href":"https:\/\/blanche.legal\/index.php\/wp-json\/wp\/v2\/users\/1"}],"replies":[{"embeddable":true,"href":"https:\/\/blanche.legal\/index.php\/wp-json\/wp\/v2\/comments?post=1446"}],"version-history":[{"count":67,"href":"https:\/\/blanche.legal\/index.php\/wp-json\/wp\/v2\/pages\/1446\/revisions"}],"predecessor-version":[{"id":5542,"href":"https:\/\/blanche.legal\/index.php\/wp-json\/wp\/v2\/pages\/1446\/revisions\/5542"}],"wp:attachment":[{"href":"https:\/\/blanche.legal\/index.php\/wp-json\/wp\/v2\/media?parent=1446"}],"curies":[{"name":"wp","href":"https:\/\/api.w.org\/{rel}","templated":true}]}}