{"id":2141,"date":"2023-04-23T17:22:08","date_gmt":"2023-04-23T15:22:08","guid":{"rendered":"http:\/\/aopyqbm.cluster027.hosting.ovh.net\/?page_id=2141"},"modified":"2025-11-03T18:35:07","modified_gmt":"2025-11-03T17:35:07","slug":"secteurs-life-science-chimie-et-electronique","status":"publish","type":"page","link":"https:\/\/blanche.legal\/index.php\/secteurs-life-science-chimie-et-electronique\/","title":{"rendered":"Secteurs &#8211; Life science, chimie et \u00e9lectronique"},"content":{"rendered":"\t\t<div data-elementor-type=\"wp-page\" data-elementor-id=\"2141\" class=\"elementor elementor-2141\">\n\t\t\t\t\t\t<section class=\"elementor-section elementor-top-section elementor-element elementor-element-05a60b6 elementor-section-boxed elementor-section-height-default elementor-section-height-default\" data-id=\"05a60b6\" data-element_type=\"section\" data-e-type=\"section\">\n\t\t\t\t\t\t<div class=\"elementor-container elementor-column-gap-default\">\n\t\t\t\t\t<div class=\"elementor-column elementor-col-100 elementor-top-column elementor-element elementor-element-053e458\" data-id=\"053e458\" data-element_type=\"column\" data-e-type=\"column\">\n\t\t\t<div class=\"elementor-widget-wrap elementor-element-populated\">\n\t\t\t\t\t\t<section class=\"elementor-section elementor-inner-section elementor-element elementor-element-4fd1a29 elementor-section-boxed elementor-section-height-default elementor-section-height-default\" data-id=\"4fd1a29\" data-element_type=\"section\" data-e-type=\"section\">\n\t\t\t\t\t\t<div class=\"elementor-container elementor-column-gap-default\">\n\t\t\t\t\t<div class=\"elementor-column elementor-col-50 elementor-inner-column elementor-element elementor-element-f251a77\" data-id=\"f251a77\" data-element_type=\"column\" data-e-type=\"column\">\n\t\t\t<div class=\"elementor-widget-wrap elementor-element-populated\">\n\t\t\t\t\t\t<div class=\"elementor-element elementor-element-b147a21 BoutonExpertises elementor-widget elementor-widget-button\" data-id=\"b147a21\" data-element_type=\"widget\" data-e-type=\"widget\" data-widget_type=\"button.default\">\n\t\t\t\t<div class=\"elementor-widget-container\">\n\t\t\t\t\t\t\t\t\t<div class=\"elementor-button-wrapper\">\n\t\t\t\t\t<a class=\"elementor-button elementor-button-link elementor-size-sm\" href=\"https:\/\/blanche.legal\/index.php\/secteurs\/\">\n\t\t\t\t\t\t<span class=\"elementor-button-content-wrapper\">\n\t\t\t\t\t\t\t\t\t<span class=\"elementor-button-text\">Retour<\/span>\n\t\t\t\t\t<\/span>\n\t\t\t\t\t<\/a>\n\t\t\t\t<\/div>\n\t\t\t\t\t\t\t\t<\/div>\n\t\t\t\t<\/div>\n\t\t\t\t\t<\/div>\n\t\t<\/div>\n\t\t\t\t<div class=\"elementor-column elementor-col-50 elementor-inner-column elementor-element elementor-element-f4597f6\" data-id=\"f4597f6\" data-element_type=\"column\" data-e-type=\"column\">\n\t\t\t<div class=\"elementor-widget-wrap elementor-element-populated\">\n\t\t\t\t\t\t<div class=\"elementor-element elementor-element-abafc3d elementor-widget-divider--view-line elementor-widget elementor-widget-divider\" data-id=\"abafc3d\" data-element_type=\"widget\" data-e-type=\"widget\" data-widget_type=\"divider.default\">\n\t\t\t\t<div class=\"elementor-widget-container\">\n\t\t\t\t\t\t\t<div class=\"elementor-divider\">\n\t\t\t<span class=\"elementor-divider-separator\">\n\t\t\t\t\t\t<\/span>\n\t\t<\/div>\n\t\t\t\t\t\t<\/div>\n\t\t\t\t<\/div>\n\t\t\t\t\t<\/div>\n\t\t<\/div>\n\t\t\t\t\t<\/div>\n\t\t<\/section>\n\t\t\t\t\t<\/div>\n\t\t<\/div>\n\t\t\t\t\t<\/div>\n\t\t<\/section>\n\t\t\t\t<section class=\"elementor-section elementor-top-section elementor-element elementor-element-b4906b7 elementor-section-boxed elementor-section-height-default elementor-section-height-default\" data-id=\"b4906b7\" data-element_type=\"section\" data-e-type=\"section\">\n\t\t\t\t\t\t<div class=\"elementor-container elementor-column-gap-default\">\n\t\t\t\t\t<div class=\"elementor-column elementor-col-100 elementor-top-column elementor-element elementor-element-58245a4\" data-id=\"58245a4\" data-element_type=\"column\" data-e-type=\"column\">\n\t\t\t<div class=\"elementor-widget-wrap elementor-element-populated\">\n\t\t\t\t\t\t<section class=\"elementor-section elementor-inner-section elementor-element elementor-element-5cf1f65 elementor-section-boxed elementor-section-height-default elementor-section-height-default\" data-id=\"5cf1f65\" data-element_type=\"section\" data-e-type=\"section\">\n\t\t\t\t\t\t<div class=\"elementor-container elementor-column-gap-default\">\n\t\t\t\t\t<div class=\"elementor-column elementor-col-100 elementor-inner-column elementor-element elementor-element-24b6524\" data-id=\"24b6524\" data-element_type=\"column\" data-e-type=\"column\">\n\t\t\t<div class=\"elementor-widget-wrap elementor-element-populated\">\n\t\t\t\t\t\t<div class=\"elementor-element elementor-element-e43c68b BrandonGrotesque elementor-widget elementor-widget-heading\" data-id=\"e43c68b\" data-element_type=\"widget\" data-e-type=\"widget\" data-widget_type=\"heading.default\">\n\t\t\t\t<div class=\"elementor-widget-container\">\n\t\t\t\t\t<h2 class=\"elementor-heading-title elementor-size-default\">Life science, chimie et cosm\u00e9tique<\/h2>\t\t\t\t<\/div>\n\t\t\t\t<\/div>\n\t\t\t\t\t<\/div>\n\t\t<\/div>\n\t\t\t\t\t<\/div>\n\t\t<\/section>\n\t\t\t\t\t<\/div>\n\t\t<\/div>\n\t\t\t\t\t<\/div>\n\t\t<\/section>\n\t\t\t\t<section class=\"elementor-section elementor-top-section elementor-element elementor-element-3c088b5 elementor-section-full_width elementor-section-height-default elementor-section-height-default\" data-id=\"3c088b5\" data-element_type=\"section\" data-e-type=\"section\">\n\t\t\t\t\t\t<div class=\"elementor-container elementor-column-gap-no\">\n\t\t\t\t\t<div class=\"elementor-column elementor-col-100 elementor-top-column elementor-element elementor-element-009bd26\" data-id=\"009bd26\" data-element_type=\"column\" data-e-type=\"column\">\n\t\t\t<div class=\"elementor-widget-wrap elementor-element-populated\">\n\t\t\t\t\t\t<div class=\"elementor-element elementor-element-15f0ba6 elementor-widget elementor-widget-image\" data-id=\"15f0ba6\" data-element_type=\"widget\" data-e-type=\"widget\" data-widget_type=\"image.default\">\n\t\t\t\t<div class=\"elementor-widget-container\">\n\t\t\t\t\t\t\t\t\t\t\t\t\t\t\t<img fetchpriority=\"high\" decoding=\"async\" width=\"768\" height=\"1135\" src=\"https:\/\/blanche.legal\/wp-content\/uploads\/2023\/04\/bermix-studio-JlVqUaGW2A0-unsplash-scaled-e1682198094611-768x1135.jpg\" class=\"attachment-medium_large size-medium_large wp-image-992\" alt=\"\" srcset=\"https:\/\/blanche.legal\/wp-content\/uploads\/2023\/04\/bermix-studio-JlVqUaGW2A0-unsplash-scaled-e1682198094611-768x1135.jpg 768w, https:\/\/blanche.legal\/wp-content\/uploads\/2023\/04\/bermix-studio-JlVqUaGW2A0-unsplash-scaled-e1682198094611-203x300.jpg 203w, https:\/\/blanche.legal\/wp-content\/uploads\/2023\/04\/bermix-studio-JlVqUaGW2A0-unsplash-scaled-e1682198094611-693x1024.jpg 693w, https:\/\/blanche.legal\/wp-content\/uploads\/2023\/04\/bermix-studio-JlVqUaGW2A0-unsplash-scaled-e1682198094611-1040x1536.jpg 1040w, https:\/\/blanche.legal\/wp-content\/uploads\/2023\/04\/bermix-studio-JlVqUaGW2A0-unsplash-scaled-e1682198094611.jpg 1152w\" sizes=\"(max-width: 768px) 100vw, 768px\" \/>\t\t\t\t\t\t\t\t\t\t\t\t\t\t\t<\/div>\n\t\t\t\t<\/div>\n\t\t\t\t\t<\/div>\n\t\t<\/div>\n\t\t\t\t\t<\/div>\n\t\t<\/section>\n\t\t\t\t<section class=\"elementor-section elementor-top-section elementor-element elementor-element-6b3cd2d NoMargin elementor-section-boxed elementor-section-height-default elementor-section-height-default\" data-id=\"6b3cd2d\" data-element_type=\"section\" data-e-type=\"section\">\n\t\t\t\t\t\t<div class=\"elementor-container elementor-column-gap-default\">\n\t\t\t\t\t<div class=\"elementor-column elementor-col-100 elementor-top-column elementor-element elementor-element-b92e97c\" data-id=\"b92e97c\" data-element_type=\"column\" data-e-type=\"column\">\n\t\t\t<div class=\"elementor-widget-wrap elementor-element-populated\">\n\t\t\t\t\t\t<div class=\"elementor-element elementor-element-005b334 ListSpaced elementor-widget elementor-widget-text-editor\" data-id=\"005b334\" data-element_type=\"widget\" data-e-type=\"widget\" data-widget_type=\"text-editor.default\">\n\t\t\t\t<div class=\"elementor-widget-container\">\n\t\t\t\t\t\t\t\t\t<p>Dossiers significatifs sur lesquels nos avocats sont intervenus :<\/p><ul><li>Repr\u00e9sentation en demande d\u2019un producteur de dispositifs m\u00e9dicaux dans une action judiciaire cross-border (France et Italie) en contrefa\u00e7on de brevet relatif \u00e0 un dispositif m\u00e9dical.<\/li><li>Repr\u00e9sentation en demande d\u2019un fabricant allemand de dispositifs m\u00e9dicaux dans le cadre d\u2019une action judiciaire cross-border (France, Allemagne et Belgique) en contrefa\u00e7on de brevet relatif \u00e0 un dispositif m\u00e9dical, \u00e0 l\u2019encontre d\u2019un concurrent, ayant impliqu\u00e9 une saisie-contrefa\u00e7on et des proc\u00e9dures d\u2019opposition et recours devant l\u2019Office Europ\u00e9en des Brevets.<\/li><li>Repr\u00e9sentation en demande d\u2019un laboratoire pharmaceutique am\u00e9ricain dans le cadre d\u2019un r\u00e9f\u00e9r\u00e9 interdiction et d\u2019une action en contrefa\u00e7on en mati\u00e8re de brevet sur des substituts nicotiniques.<\/li><li>Repr\u00e9sentation et assistance d\u2019un laboratoire pharmaceutique am\u00e9ricain dans le cadre d\u2019un contentieux mondial de marques en mati\u00e8re de produits cosm\u00e9tiques, ayant impliqu\u00e9 plusieurs saisies contrefa\u00e7on, r\u00e9f\u00e9r\u00e9s interdiction pan-europ\u00e9ens et actions en contrefa\u00e7on en France Coordination de proc\u00e9dures connexes aux Etats-Unis, en Angleterre, au Liban et en Bulgarie.<\/li><li>Repr\u00e9sentation en d\u00e9fense d\u2019une grande entreprise belge de cosm\u00e9tiques dans le cadre d\u2019un contentieux judiciaire en contrefa\u00e7on de brevet, avec demande en nullit\u00e9.<\/li><li>Assistance d\u2019un laboratoire pharmaceutique (princeps) en vue d\u2019un r\u00e9f\u00e9r\u00e9 interdiction sur le fondement de la contrefa\u00e7on d\u2019un certificat compl\u00e9mentaire de protection (CCP), dans le cadre du lancement d\u2019un m\u00e9dicament g\u00e9n\u00e9rique.<\/li><li>D\u00e9fense du portefeuille de marques mondialement connues d\u2019un acteur majeur des cosm\u00e9tiques contre la commercialisation de contrefa\u00e7ons en boutique et en ligne, en France et au Maghreb.<\/li><li>Analyse de risque de contrefa\u00e7on (marques et design) et de concurrence d\u00e9loyale aupr\u00e8s d\u2019un laboratoire pharmaceutique (g\u00e9n\u00e9rique) en vue du lancement d\u2019un produit combinant dispositif m\u00e9dical et produit pharmaceutique.<\/li><li>Repr\u00e9sentation d\u2019un acteur majeur de la cosm\u00e9tique dans le cadre d\u2019une action judiciaire en contrefa\u00e7on de brevets de proc\u00e9d\u00e9s de fabrication de cosm\u00e9tiques et d\u00e9tournement de savoir-faire \u00e0 l\u2019encontre d\u2019un concurrent et d\u2019un ancien salari\u00e9, ayant impliqu\u00e9 des proc\u00e9dures en opposition devant l\u2019Office Europ\u00e9en des Brevets.<\/li><li>Assistance d\u2019une grande enseigne fran\u00e7aise de cosm\u00e9tique et parfums de luxe lors d\u2019une mesure d\u2019instruction dans ses locaux, dans le cadre d\u2019un litige commercial en rupture de relation commerciales \u00e9tablies.<\/li><li>Assistance d\u2019un fabricant de mati\u00e8res premi\u00e8res bio, filiale d\u2019une multinationale, dans le cadre d\u2019une expertise amiable en mati\u00e8re de non conformit\u00e9 de produits cosm\u00e9tiques face \u00e0 une grande enseigne de luxe.<\/li><li>Repr\u00e9sentation d\u2019une biotech fran\u00e7aise dans le cadre d\u2019un contentieux cross-border (France, USA et Belgique) en violation d\u2019engagement d\u2019exclusivit\u00e9 \u00e0 l\u2019encontre d\u2019un fabricant et d\u00e9tournement de savoir-faire \u00e0 l\u2019encontre d\u2019un concurrent, ayant impliqu\u00e9 des mesures d\u2019instruction sur requ\u00eate (145).<\/li><\/ul>\t\t\t\t\t\t\t\t<\/div>\n\t\t\t\t<\/div>\n\t\t\t\t\t<\/div>\n\t\t<\/div>\n\t\t\t\t\t<\/div>\n\t\t<\/section>\n\t\t\t\t<section class=\"elementor-section elementor-top-section elementor-element elementor-element-0075711 elementor-section-boxed elementor-section-height-default elementor-section-height-default\" data-id=\"0075711\" data-element_type=\"section\" data-e-type=\"section\">\n\t\t\t\t\t\t<div class=\"elementor-container elementor-column-gap-default\">\n\t\t\t\t\t<div class=\"elementor-column elementor-col-100 elementor-top-column elementor-element elementor-element-e6f64fc\" data-id=\"e6f64fc\" data-element_type=\"column\" data-e-type=\"column\">\n\t\t\t<div class=\"elementor-widget-wrap elementor-element-populated\">\n\t\t\t\t\t\t<div class=\"elementor-element elementor-element-74ceadc elementor-widget elementor-widget-spacer\" data-id=\"74ceadc\" data-element_type=\"widget\" data-e-type=\"widget\" data-widget_type=\"spacer.default\">\n\t\t\t\t<div class=\"elementor-widget-container\">\n\t\t\t\t\t\t\t<div class=\"elementor-spacer\">\n\t\t\t<div class=\"elementor-spacer-inner\"><\/div>\n\t\t<\/div>\n\t\t\t\t\t\t<\/div>\n\t\t\t\t<\/div>\n\t\t\t\t\t<\/div>\n\t\t<\/div>\n\t\t\t\t\t<\/div>\n\t\t<\/section>\n\t\t\t\t<section class=\"elementor-section elementor-top-section elementor-element elementor-element-daced3e elementor-section-full_width elementor-section-height-default elementor-section-height-default\" data-id=\"daced3e\" data-element_type=\"section\" data-e-type=\"section\">\n\t\t\t\t\t\t<div class=\"elementor-container elementor-column-gap-default\">\n\t\t\t\t\t<div class=\"elementor-column elementor-col-100 elementor-top-column elementor-element elementor-element-b055d1f\" data-id=\"b055d1f\" data-element_type=\"column\" data-e-type=\"column\">\n\t\t\t<div class=\"elementor-widget-wrap elementor-element-populated\">\n\t\t\t\t\t\t<div class=\"elementor-element elementor-element-e17a4d8 elementor-widget-divider--view-line elementor-widget elementor-widget-divider\" data-id=\"e17a4d8\" data-element_type=\"widget\" data-e-type=\"widget\" data-widget_type=\"divider.default\">\n\t\t\t\t<div class=\"elementor-widget-container\">\n\t\t\t\t\t\t\t<div class=\"elementor-divider\">\n\t\t\t<span class=\"elementor-divider-separator\">\n\t\t\t\t\t\t<\/span>\n\t\t<\/div>\n\t\t\t\t\t\t<\/div>\n\t\t\t\t<\/div>\n\t\t\t\t\t<\/div>\n\t\t<\/div>\n\t\t\t\t\t<\/div>\n\t\t<\/section>\n\t\t\t\t<section class=\"elementor-section elementor-top-section elementor-element elementor-element-60bcec1 elementor-section-boxed elementor-section-height-default elementor-section-height-default\" data-id=\"60bcec1\" data-element_type=\"section\" data-e-type=\"section\">\n\t\t\t\t\t\t<div class=\"elementor-container elementor-column-gap-default\">\n\t\t\t\t\t<div class=\"elementor-column elementor-col-20 elementor-top-column elementor-element elementor-element-fb62ef0\" data-id=\"fb62ef0\" data-element_type=\"column\" data-e-type=\"column\">\n\t\t\t<div class=\"elementor-widget-wrap\">\n\t\t\t\t\t\t\t<\/div>\n\t\t<\/div>\n\t\t\t\t<div class=\"elementor-column elementor-col-20 elementor-top-column elementor-element elementor-element-13bec91\" data-id=\"13bec91\" data-element_type=\"column\" data-e-type=\"column\">\n\t\t\t<div class=\"elementor-widget-wrap elementor-element-populated\">\n\t\t\t\t\t\t<div class=\"elementor-element elementor-element-c014c85 elementor-hidden-mobile elementor-widget elementor-widget-text-editor\" data-id=\"c014c85\" data-element_type=\"widget\" data-e-type=\"widget\" data-widget_type=\"text-editor.default\">\n\t\t\t\t<div class=\"elementor-widget-container\">\n\t\t\t\t\t\t\t\t\t<p><a href=\"https:\/\/blanche.legal\/index.php\/politique-de-confidentialite\/\">Politique de confidentialit\u00e9<\/a><\/p>\t\t\t\t\t\t\t\t<\/div>\n\t\t\t\t<\/div>\n\t\t\t\t\t<\/div>\n\t\t<\/div>\n\t\t\t\t<div class=\"elementor-column elementor-col-20 elementor-top-column elementor-element elementor-element-708d854\" data-id=\"708d854\" data-element_type=\"column\" data-e-type=\"column\">\n\t\t\t<div class=\"elementor-widget-wrap elementor-element-populated\">\n\t\t\t\t\t\t<div class=\"elementor-element elementor-element-60384a4 elementor-widget elementor-widget-image\" data-id=\"60384a4\" data-element_type=\"widget\" data-e-type=\"widget\" data-widget_type=\"image.default\">\n\t\t\t\t<div class=\"elementor-widget-container\">\n\t\t\t\t\t\t\t\t\t\t\t\t\t\t\t\t<a href=\"https:\/\/www.linkedin.com\/company\/blanche-avocats\" target=\"_blank\">\n\t\t\t\t\t\t\t<img decoding=\"async\" src=\"https:\/\/blanche.legal\/wp-content\/uploads\/2025\/11\/Linkedin.svg\" alt=\"Linkedin\" loading=\"lazy\" \/>\t\t\t\t\t\t\t\t<\/a>\n\t\t\t\t\t\t\t\t\t\t\t\t\t\t\t<\/div>\n\t\t\t\t<\/div>\n\t\t\t\t\t<\/div>\n\t\t<\/div>\n\t\t\t\t<div class=\"elementor-column elementor-col-20 elementor-top-column elementor-element elementor-element-4cbbc6e\" data-id=\"4cbbc6e\" data-element_type=\"column\" data-e-type=\"column\">\n\t\t\t<div class=\"elementor-widget-wrap elementor-element-populated\">\n\t\t\t\t\t\t<div class=\"elementor-element elementor-element-9158072 NoMargin elementor-hidden-desktop elementor-hidden-tablet elementor-widget elementor-widget-text-editor\" data-id=\"9158072\" data-element_type=\"widget\" data-e-type=\"widget\" data-widget_type=\"text-editor.default\">\n\t\t\t\t<div class=\"elementor-widget-container\">\n\t\t\t\t\t\t\t\t\t<p><a href=\"https:\/\/blanche.legal\/index.php\/politique-de-confidentialite\/\">Politique de confidentialit\u00e9<\/a><\/p>\t\t\t\t\t\t\t\t<\/div>\n\t\t\t\t<\/div>\n\t\t\t\t<div class=\"elementor-element elementor-element-d9e7360 NoMargin elementor-widget elementor-widget-text-editor\" data-id=\"d9e7360\" data-element_type=\"widget\" data-e-type=\"widget\" data-widget_type=\"text-editor.default\">\n\t\t\t\t<div class=\"elementor-widget-container\">\n\t\t\t\t\t\t\t\t\t<p><a href=\"https:\/\/blanche.legal\/index.php\/mentions-legales\/\">Mentions l\u00e9gales<\/a><\/p>\t\t\t\t\t\t\t\t<\/div>\n\t\t\t\t<\/div>\n\t\t\t\t\t<\/div>\n\t\t<\/div>\n\t\t\t\t<div class=\"elementor-column elementor-col-20 elementor-top-column elementor-element elementor-element-7ba1b86\" data-id=\"7ba1b86\" data-element_type=\"column\" data-e-type=\"column\">\n\t\t\t<div class=\"elementor-widget-wrap\">\n\t\t\t\t\t\t\t<\/div>\n\t\t<\/div>\n\t\t\t\t\t<\/div>\n\t\t<\/section>\n\t\t\t\t<\/div>\n\t\t","protected":false},"excerpt":{"rendered":"<p>Retour Life science, chimie et cosm\u00e9tique Dossiers significatifs sur lesquels nos avocats sont intervenus : Repr\u00e9sentation en demande d\u2019un producteur de dispositifs m\u00e9dicaux dans une action judiciaire cross-border (France et Italie) en contrefa\u00e7on de brevet relatif \u00e0 un dispositif m\u00e9dical. Repr\u00e9sentation en demande d\u2019un fabricant allemand de dispositifs m\u00e9dicaux dans le cadre d\u2019une action judiciaire&hellip;&nbsp;<a href=\"https:\/\/blanche.legal\/index.php\/secteurs-life-science-chimie-et-electronique\/\" class=\"\" rel=\"bookmark\">Lire la suite &raquo;<span class=\"screen-reader-text\">Secteurs &#8211; Life science, chimie et \u00e9lectronique<\/span><\/a><\/p>\n","protected":false},"author":1,"featured_media":0,"parent":0,"menu_order":0,"comment_status":"closed","ping_status":"closed","template":"page-templates\/template-pagebuilder-full-width.php","meta":{"inline_featured_image":false,"neve_meta_sidebar":"","neve_meta_container":"","neve_meta_enable_content_width":"","neve_meta_content_width":0,"neve_meta_title_alignment":"","neve_meta_author_avatar":"","neve_post_elements_order":"","neve_meta_disable_header":"","neve_meta_disable_footer":"","neve_meta_disable_title":"","footnotes":""},"class_list":["post-2141","page","type-page","status-publish","hentry"],"_links":{"self":[{"href":"https:\/\/blanche.legal\/index.php\/wp-json\/wp\/v2\/pages\/2141","targetHints":{"allow":["GET"]}}],"collection":[{"href":"https:\/\/blanche.legal\/index.php\/wp-json\/wp\/v2\/pages"}],"about":[{"href":"https:\/\/blanche.legal\/index.php\/wp-json\/wp\/v2\/types\/page"}],"author":[{"embeddable":true,"href":"https:\/\/blanche.legal\/index.php\/wp-json\/wp\/v2\/users\/1"}],"replies":[{"embeddable":true,"href":"https:\/\/blanche.legal\/index.php\/wp-json\/wp\/v2\/comments?post=2141"}],"version-history":[{"count":34,"href":"https:\/\/blanche.legal\/index.php\/wp-json\/wp\/v2\/pages\/2141\/revisions"}],"predecessor-version":[{"id":5488,"href":"https:\/\/blanche.legal\/index.php\/wp-json\/wp\/v2\/pages\/2141\/revisions\/5488"}],"wp:attachment":[{"href":"https:\/\/blanche.legal\/index.php\/wp-json\/wp\/v2\/media?parent=2141"}],"curies":[{"name":"wp","href":"https:\/\/api.w.org\/{rel}","templated":true}]}}