{"id":2143,"date":"2023-04-23T17:22:29","date_gmt":"2023-04-23T15:22:29","guid":{"rendered":"http:\/\/aopyqbm.cluster027.hosting.ovh.net\/?page_id=2143"},"modified":"2025-11-03T18:37:04","modified_gmt":"2025-11-03T17:37:04","slug":"secteurs-tech-it-et-electronique","status":"publish","type":"page","link":"https:\/\/blanche.legal\/index.php\/secteurs-tech-it-et-electronique\/","title":{"rendered":"Secteurs &#8211; Tech, IT et \u00e9lectronique"},"content":{"rendered":"\t\t<div data-elementor-type=\"wp-page\" data-elementor-id=\"2143\" class=\"elementor elementor-2143\">\n\t\t\t\t\t\t<section class=\"elementor-section elementor-top-section elementor-element elementor-element-a871baa elementor-section-boxed elementor-section-height-default elementor-section-height-default\" data-id=\"a871baa\" data-element_type=\"section\" data-e-type=\"section\">\n\t\t\t\t\t\t<div class=\"elementor-container elementor-column-gap-default\">\n\t\t\t\t\t<div class=\"elementor-column elementor-col-100 elementor-top-column elementor-element elementor-element-ec383ce\" data-id=\"ec383ce\" data-element_type=\"column\" data-e-type=\"column\">\n\t\t\t<div class=\"elementor-widget-wrap elementor-element-populated\">\n\t\t\t\t\t\t<section class=\"elementor-section elementor-inner-section elementor-element elementor-element-2d26f6d elementor-section-boxed elementor-section-height-default elementor-section-height-default\" data-id=\"2d26f6d\" data-element_type=\"section\" data-e-type=\"section\">\n\t\t\t\t\t\t<div class=\"elementor-container elementor-column-gap-default\">\n\t\t\t\t\t<div class=\"elementor-column elementor-col-50 elementor-inner-column elementor-element elementor-element-4f1eb91\" data-id=\"4f1eb91\" data-element_type=\"column\" data-e-type=\"column\">\n\t\t\t<div class=\"elementor-widget-wrap elementor-element-populated\">\n\t\t\t\t\t\t<div class=\"elementor-element elementor-element-2141d88 BoutonExpertises elementor-widget elementor-widget-button\" data-id=\"2141d88\" data-element_type=\"widget\" data-e-type=\"widget\" data-widget_type=\"button.default\">\n\t\t\t\t<div class=\"elementor-widget-container\">\n\t\t\t\t\t\t\t\t\t<div class=\"elementor-button-wrapper\">\n\t\t\t\t\t<a class=\"elementor-button elementor-button-link elementor-size-sm\" href=\"https:\/\/blanche.legal\/index.php\/secteurs\/\">\n\t\t\t\t\t\t<span class=\"elementor-button-content-wrapper\">\n\t\t\t\t\t\t\t\t\t<span class=\"elementor-button-text\">Retour<\/span>\n\t\t\t\t\t<\/span>\n\t\t\t\t\t<\/a>\n\t\t\t\t<\/div>\n\t\t\t\t\t\t\t\t<\/div>\n\t\t\t\t<\/div>\n\t\t\t\t\t<\/div>\n\t\t<\/div>\n\t\t\t\t<div class=\"elementor-column elementor-col-50 elementor-inner-column elementor-element elementor-element-e875f70\" data-id=\"e875f70\" data-element_type=\"column\" data-e-type=\"column\">\n\t\t\t<div class=\"elementor-widget-wrap elementor-element-populated\">\n\t\t\t\t\t\t<div class=\"elementor-element elementor-element-8426b89 elementor-widget-divider--view-line elementor-widget elementor-widget-divider\" data-id=\"8426b89\" data-element_type=\"widget\" data-e-type=\"widget\" data-widget_type=\"divider.default\">\n\t\t\t\t<div class=\"elementor-widget-container\">\n\t\t\t\t\t\t\t<div class=\"elementor-divider\">\n\t\t\t<span class=\"elementor-divider-separator\">\n\t\t\t\t\t\t<\/span>\n\t\t<\/div>\n\t\t\t\t\t\t<\/div>\n\t\t\t\t<\/div>\n\t\t\t\t\t<\/div>\n\t\t<\/div>\n\t\t\t\t\t<\/div>\n\t\t<\/section>\n\t\t\t\t\t<\/div>\n\t\t<\/div>\n\t\t\t\t\t<\/div>\n\t\t<\/section>\n\t\t\t\t<section class=\"elementor-section elementor-top-section elementor-element elementor-element-54c803f elementor-section-boxed elementor-section-height-default elementor-section-height-default\" data-id=\"54c803f\" data-element_type=\"section\" data-e-type=\"section\">\n\t\t\t\t\t\t<div class=\"elementor-container elementor-column-gap-default\">\n\t\t\t\t\t<div class=\"elementor-column elementor-col-100 elementor-top-column elementor-element elementor-element-15ac12d\" data-id=\"15ac12d\" data-element_type=\"column\" data-e-type=\"column\">\n\t\t\t<div class=\"elementor-widget-wrap elementor-element-populated\">\n\t\t\t\t\t\t<section class=\"elementor-section elementor-inner-section elementor-element elementor-element-e78624a elementor-section-boxed elementor-section-height-default elementor-section-height-default\" data-id=\"e78624a\" data-element_type=\"section\" data-e-type=\"section\">\n\t\t\t\t\t\t<div class=\"elementor-container elementor-column-gap-default\">\n\t\t\t\t\t<div class=\"elementor-column elementor-col-100 elementor-inner-column elementor-element elementor-element-468a61c\" data-id=\"468a61c\" data-element_type=\"column\" data-e-type=\"column\">\n\t\t\t<div class=\"elementor-widget-wrap elementor-element-populated\">\n\t\t\t\t\t\t<div class=\"elementor-element elementor-element-f6ac22b BrandonGrotesque elementor-widget elementor-widget-heading\" data-id=\"f6ac22b\" data-element_type=\"widget\" data-e-type=\"widget\" data-widget_type=\"heading.default\">\n\t\t\t\t<div class=\"elementor-widget-container\">\n\t\t\t\t\t<h2 class=\"elementor-heading-title elementor-size-default\">TECH, IT et \u00e9lectronique<\/h2>\t\t\t\t<\/div>\n\t\t\t\t<\/div>\n\t\t\t\t\t<\/div>\n\t\t<\/div>\n\t\t\t\t\t<\/div>\n\t\t<\/section>\n\t\t\t\t\t<\/div>\n\t\t<\/div>\n\t\t\t\t\t<\/div>\n\t\t<\/section>\n\t\t\t\t<section class=\"elementor-section elementor-top-section elementor-element elementor-element-df1fe0b elementor-section-full_width elementor-section-height-default elementor-section-height-default\" data-id=\"df1fe0b\" data-element_type=\"section\" data-e-type=\"section\">\n\t\t\t\t\t\t<div class=\"elementor-container elementor-column-gap-no\">\n\t\t\t\t\t<div class=\"elementor-column elementor-col-100 elementor-top-column elementor-element elementor-element-6f303e3\" data-id=\"6f303e3\" data-element_type=\"column\" data-e-type=\"column\">\n\t\t\t<div class=\"elementor-widget-wrap elementor-element-populated\">\n\t\t\t\t\t\t<div class=\"elementor-element elementor-element-31e5053 elementor-widget elementor-widget-image\" data-id=\"31e5053\" data-element_type=\"widget\" data-e-type=\"widget\" data-widget_type=\"image.default\">\n\t\t\t\t<div class=\"elementor-widget-container\">\n\t\t\t\t\t\t\t\t\t\t\t\t\t\t\t<img fetchpriority=\"high\" decoding=\"async\" width=\"768\" height=\"1090\" src=\"https:\/\/blanche.legal\/wp-content\/uploads\/2023\/04\/joshua-sortino-LqKhnDzSF-8-unsplash-scaled-e1682197361644-768x1090.jpg\" class=\"attachment-medium_large size-medium_large wp-image-982\" alt=\"\" srcset=\"https:\/\/blanche.legal\/wp-content\/uploads\/2023\/04\/joshua-sortino-LqKhnDzSF-8-unsplash-scaled-e1682197361644-768x1090.jpg 768w, https:\/\/blanche.legal\/wp-content\/uploads\/2023\/04\/joshua-sortino-LqKhnDzSF-8-unsplash-scaled-e1682197361644-211x300.jpg 211w, https:\/\/blanche.legal\/wp-content\/uploads\/2023\/04\/joshua-sortino-LqKhnDzSF-8-unsplash-scaled-e1682197361644-721x1024.jpg 721w, https:\/\/blanche.legal\/wp-content\/uploads\/2023\/04\/joshua-sortino-LqKhnDzSF-8-unsplash-scaled-e1682197361644-1082x1536.jpg 1082w, https:\/\/blanche.legal\/wp-content\/uploads\/2023\/04\/joshua-sortino-LqKhnDzSF-8-unsplash-scaled-e1682197361644.jpg 1203w\" sizes=\"(max-width: 768px) 100vw, 768px\" \/>\t\t\t\t\t\t\t\t\t\t\t\t\t\t\t<\/div>\n\t\t\t\t<\/div>\n\t\t\t\t\t<\/div>\n\t\t<\/div>\n\t\t\t\t\t<\/div>\n\t\t<\/section>\n\t\t\t\t<section class=\"elementor-section elementor-top-section elementor-element elementor-element-d6c1518 NoMargin elementor-section-boxed elementor-section-height-default elementor-section-height-default\" data-id=\"d6c1518\" data-element_type=\"section\" data-e-type=\"section\">\n\t\t\t\t\t\t<div class=\"elementor-container elementor-column-gap-default\">\n\t\t\t\t\t<div class=\"elementor-column elementor-col-100 elementor-top-column elementor-element elementor-element-b226d7e\" data-id=\"b226d7e\" data-element_type=\"column\" data-e-type=\"column\">\n\t\t\t<div class=\"elementor-widget-wrap elementor-element-populated\">\n\t\t\t\t\t\t<div class=\"elementor-element elementor-element-9c38c23 ListSpaced elementor-widget elementor-widget-text-editor\" data-id=\"9c38c23\" data-element_type=\"widget\" data-e-type=\"widget\" data-widget_type=\"text-editor.default\">\n\t\t\t\t<div class=\"elementor-widget-container\">\n\t\t\t\t\t\t\t\t\t<p>Dossiers significatifs sur lesquels nos avocats sont intervenus :<\/p><ul><li>Assistance quotidienne d\u2019un r\u00e9seau social mondial sur l\u2019ensemble de ses sujets de propri\u00e9t\u00e9 intellectuelle\/tech, y compris la protection et la d\u00e9fense de ses marques.<\/li><li>D\u00e9fense d\u2019un sous-traitant de mat\u00e9riels \u00e9lectroniques dans le domaine de l\u2019a\u00e9ronautique dans le cadre d\u2019un r\u00e9f\u00e9r\u00e9 expertise en mati\u00e8re de non-conformit\u00e9 et manquements contractuels.<\/li><li>Assistance quotidienne d\u2019une licorne de la tech dans la protection, la gestion et la d\u00e9fense de son portefeuille mondial de marques et en mati\u00e8re de cybers\u00e9curit\u00e9.<\/li><li>D\u00e9fense d\u2019un \u00e9diteur de logiciels dans une action judiciaire cross-border (France et Etats-Unis) en revendication de propri\u00e9t\u00e9 de plusieurs brevets europ\u00e9ens de proc\u00e9d\u00e9s pour am\u00e9liorer la vitesse de transmission de donn\u00e9es financi\u00e8res sur les march\u00e9s boursiers.<\/li><li>Repr\u00e9sentation d\u2019un groupe de conseil en strat\u00e9gie dans le cadre d\u2019une action en contrefa\u00e7on de logiciel et concurrence d\u00e9loyale pour d\u00e9tournement d\u2019algorithmes et de codes source par d\u2019anciens salari\u00e9s, ayant impliqu\u00e9 plusieurs saisies contrefa\u00e7on et mesures d\u2019instruction sur requ\u00eate (145) simultan\u00e9es ainsi qu\u2019une expertise judiciaire.<\/li><li>Assistance d\u2019une fintech fran\u00e7aise offrant une technologie complexe de cashback, pour la r\u00e9daction et n\u00e9gociation de ses contrats IT, sa conformit\u00e9 \u00e0 la r\u00e8glementation sur la protection des donn\u00e9es personnelles et la d\u00e9fense de ses droits au contentieux.<\/li><li>D\u00e9fense d\u2019un \u00e9tablissement public fran\u00e7ais dans le cadre d\u2019un contentieux judiciaire port\u00e9 par un agent public inventeur, concernant des brevets de technologie logicielle.<\/li><li>Analyse du risque de contrefa\u00e7on de brevet pour un fabricant am\u00e9ricain de dispositifs \u00e9lectroniques en vue du lancement en Europe de ses produits.<\/li><li>Conseil d\u2019une Med-tech\u2019 sur les traitements de donn\u00e9es personnelles des patients.<\/li><li>Conseil d\u2019un fabricant de mat\u00e9riel \u00e9lectrique dans le cadre d\u2019une r\u00e9clamation en contrefa\u00e7on de brevet.<\/li><li>Assistance d\u2019un groupe d\u2019hospitalisation priv\u00e9e pour la n\u00e9gociation d\u2019accords strat\u00e9giques avec des prestataires IT.<\/li><li>R\u00e9daction et n\u00e9gociation de divers contrats IT (d\u00e9veloppement, cession, licence et maintenance de logiciels notamment SaaS) pour un acteur majeur de la r\u00e9gulation de consommation \u00e9nerg\u00e9tique.<\/li><\/ul>\t\t\t\t\t\t\t\t<\/div>\n\t\t\t\t<\/div>\n\t\t\t\t\t<\/div>\n\t\t<\/div>\n\t\t\t\t\t<\/div>\n\t\t<\/section>\n\t\t\t\t<section class=\"elementor-section elementor-top-section elementor-element elementor-element-57c025d elementor-section-boxed elementor-section-height-default elementor-section-height-default\" data-id=\"57c025d\" data-element_type=\"section\" data-e-type=\"section\">\n\t\t\t\t\t\t<div class=\"elementor-container elementor-column-gap-default\">\n\t\t\t\t\t<div class=\"elementor-column elementor-col-100 elementor-top-column elementor-element elementor-element-d938cf8\" data-id=\"d938cf8\" data-element_type=\"column\" data-e-type=\"column\">\n\t\t\t<div class=\"elementor-widget-wrap elementor-element-populated\">\n\t\t\t\t\t\t<div class=\"elementor-element elementor-element-67cfb7e elementor-widget elementor-widget-spacer\" data-id=\"67cfb7e\" data-element_type=\"widget\" data-e-type=\"widget\" data-widget_type=\"spacer.default\">\n\t\t\t\t<div class=\"elementor-widget-container\">\n\t\t\t\t\t\t\t<div class=\"elementor-spacer\">\n\t\t\t<div class=\"elementor-spacer-inner\"><\/div>\n\t\t<\/div>\n\t\t\t\t\t\t<\/div>\n\t\t\t\t<\/div>\n\t\t\t\t\t<\/div>\n\t\t<\/div>\n\t\t\t\t\t<\/div>\n\t\t<\/section>\n\t\t\t\t<section class=\"elementor-section elementor-top-section elementor-element elementor-element-dae5f7a elementor-section-full_width elementor-section-height-default elementor-section-height-default\" data-id=\"dae5f7a\" data-element_type=\"section\" data-e-type=\"section\">\n\t\t\t\t\t\t<div class=\"elementor-container elementor-column-gap-default\">\n\t\t\t\t\t<div class=\"elementor-column elementor-col-100 elementor-top-column elementor-element elementor-element-9102845\" data-id=\"9102845\" data-element_type=\"column\" data-e-type=\"column\">\n\t\t\t<div class=\"elementor-widget-wrap elementor-element-populated\">\n\t\t\t\t\t\t<div class=\"elementor-element elementor-element-852a25c elementor-widget-divider--view-line elementor-widget elementor-widget-divider\" data-id=\"852a25c\" data-element_type=\"widget\" data-e-type=\"widget\" data-widget_type=\"divider.default\">\n\t\t\t\t<div class=\"elementor-widget-container\">\n\t\t\t\t\t\t\t<div class=\"elementor-divider\">\n\t\t\t<span class=\"elementor-divider-separator\">\n\t\t\t\t\t\t<\/span>\n\t\t<\/div>\n\t\t\t\t\t\t<\/div>\n\t\t\t\t<\/div>\n\t\t\t\t\t<\/div>\n\t\t<\/div>\n\t\t\t\t\t<\/div>\n\t\t<\/section>\n\t\t\t\t<section class=\"elementor-section elementor-top-section elementor-element elementor-element-0924629 elementor-section-boxed elementor-section-height-default elementor-section-height-default\" data-id=\"0924629\" data-element_type=\"section\" data-e-type=\"section\">\n\t\t\t\t\t\t<div class=\"elementor-container elementor-column-gap-default\">\n\t\t\t\t\t<div class=\"elementor-column elementor-col-20 elementor-top-column elementor-element elementor-element-7a08070\" data-id=\"7a08070\" data-element_type=\"column\" data-e-type=\"column\">\n\t\t\t<div class=\"elementor-widget-wrap\">\n\t\t\t\t\t\t\t<\/div>\n\t\t<\/div>\n\t\t\t\t<div class=\"elementor-column elementor-col-20 elementor-top-column elementor-element elementor-element-66b97e2\" data-id=\"66b97e2\" data-element_type=\"column\" data-e-type=\"column\">\n\t\t\t<div class=\"elementor-widget-wrap elementor-element-populated\">\n\t\t\t\t\t\t<div class=\"elementor-element elementor-element-959ff51 elementor-hidden-mobile elementor-widget elementor-widget-text-editor\" data-id=\"959ff51\" data-element_type=\"widget\" data-e-type=\"widget\" data-widget_type=\"text-editor.default\">\n\t\t\t\t<div class=\"elementor-widget-container\">\n\t\t\t\t\t\t\t\t\t<p><a href=\"https:\/\/blanche.legal\/index.php\/politique-de-confidentialite\/\">Politique de confidentialit\u00e9<\/a><\/p>\t\t\t\t\t\t\t\t<\/div>\n\t\t\t\t<\/div>\n\t\t\t\t\t<\/div>\n\t\t<\/div>\n\t\t\t\t<div class=\"elementor-column elementor-col-20 elementor-top-column elementor-element elementor-element-2ea44fb\" data-id=\"2ea44fb\" data-element_type=\"column\" data-e-type=\"column\">\n\t\t\t<div class=\"elementor-widget-wrap elementor-element-populated\">\n\t\t\t\t\t\t<div class=\"elementor-element elementor-element-818b567 elementor-widget elementor-widget-image\" data-id=\"818b567\" data-element_type=\"widget\" data-e-type=\"widget\" data-widget_type=\"image.default\">\n\t\t\t\t<div class=\"elementor-widget-container\">\n\t\t\t\t\t\t\t\t\t\t\t\t\t\t\t\t<a href=\"https:\/\/www.linkedin.com\/company\/blanche-avocats\" target=\"_blank\">\n\t\t\t\t\t\t\t<img decoding=\"async\" src=\"https:\/\/blanche.legal\/wp-content\/uploads\/2025\/11\/Linkedin.svg\" alt=\"Linkedin\" loading=\"lazy\" \/>\t\t\t\t\t\t\t\t<\/a>\n\t\t\t\t\t\t\t\t\t\t\t\t\t\t\t<\/div>\n\t\t\t\t<\/div>\n\t\t\t\t\t<\/div>\n\t\t<\/div>\n\t\t\t\t<div class=\"elementor-column elementor-col-20 elementor-top-column elementor-element elementor-element-73a1c58\" data-id=\"73a1c58\" data-element_type=\"column\" data-e-type=\"column\">\n\t\t\t<div class=\"elementor-widget-wrap elementor-element-populated\">\n\t\t\t\t\t\t<div class=\"elementor-element elementor-element-e24f021 NoMargin elementor-hidden-desktop elementor-hidden-tablet elementor-widget elementor-widget-text-editor\" data-id=\"e24f021\" data-element_type=\"widget\" data-e-type=\"widget\" data-widget_type=\"text-editor.default\">\n\t\t\t\t<div class=\"elementor-widget-container\">\n\t\t\t\t\t\t\t\t\t<p><a href=\"https:\/\/blanche.legal\/index.php\/politique-de-confidentialite\/\">Politique de confidentialit\u00e9<\/a><\/p>\t\t\t\t\t\t\t\t<\/div>\n\t\t\t\t<\/div>\n\t\t\t\t<div class=\"elementor-element elementor-element-52e0d98 NoMargin elementor-widget elementor-widget-text-editor\" data-id=\"52e0d98\" data-element_type=\"widget\" data-e-type=\"widget\" data-widget_type=\"text-editor.default\">\n\t\t\t\t<div class=\"elementor-widget-container\">\n\t\t\t\t\t\t\t\t\t<p><a href=\"https:\/\/blanche.legal\/index.php\/mentions-legales\/\">Mentions l\u00e9gales<\/a><\/p>\t\t\t\t\t\t\t\t<\/div>\n\t\t\t\t<\/div>\n\t\t\t\t\t<\/div>\n\t\t<\/div>\n\t\t\t\t<div class=\"elementor-column elementor-col-20 elementor-top-column elementor-element elementor-element-7557578\" data-id=\"7557578\" data-element_type=\"column\" data-e-type=\"column\">\n\t\t\t<div class=\"elementor-widget-wrap\">\n\t\t\t\t\t\t\t<\/div>\n\t\t<\/div>\n\t\t\t\t\t<\/div>\n\t\t<\/section>\n\t\t\t\t<\/div>\n\t\t","protected":false},"excerpt":{"rendered":"<p>Retour TECH, IT et \u00e9lectronique Dossiers significatifs sur lesquels nos avocats sont intervenus : Assistance quotidienne d\u2019un r\u00e9seau social mondial sur l\u2019ensemble de ses sujets de propri\u00e9t\u00e9 intellectuelle\/tech, y compris la protection et la d\u00e9fense de ses marques. D\u00e9fense d\u2019un sous-traitant de mat\u00e9riels \u00e9lectroniques dans le domaine de l\u2019a\u00e9ronautique dans le cadre d\u2019un r\u00e9f\u00e9r\u00e9 expertise&hellip;&nbsp;<a href=\"https:\/\/blanche.legal\/index.php\/secteurs-tech-it-et-electronique\/\" class=\"\" rel=\"bookmark\">Lire la suite &raquo;<span class=\"screen-reader-text\">Secteurs &#8211; Tech, IT et \u00e9lectronique<\/span><\/a><\/p>\n","protected":false},"author":1,"featured_media":0,"parent":0,"menu_order":0,"comment_status":"closed","ping_status":"closed","template":"page-templates\/template-pagebuilder-full-width.php","meta":{"inline_featured_image":false,"neve_meta_sidebar":"","neve_meta_container":"","neve_meta_enable_content_width":"","neve_meta_content_width":0,"neve_meta_title_alignment":"","neve_meta_author_avatar":"","neve_post_elements_order":"","neve_meta_disable_header":"","neve_meta_disable_footer":"","neve_meta_disable_title":"","footnotes":""},"class_list":["post-2143","page","type-page","status-publish","hentry"],"_links":{"self":[{"href":"https:\/\/blanche.legal\/index.php\/wp-json\/wp\/v2\/pages\/2143","targetHints":{"allow":["GET"]}}],"collection":[{"href":"https:\/\/blanche.legal\/index.php\/wp-json\/wp\/v2\/pages"}],"about":[{"href":"https:\/\/blanche.legal\/index.php\/wp-json\/wp\/v2\/types\/page"}],"author":[{"embeddable":true,"href":"https:\/\/blanche.legal\/index.php\/wp-json\/wp\/v2\/users\/1"}],"replies":[{"embeddable":true,"href":"https:\/\/blanche.legal\/index.php\/wp-json\/wp\/v2\/comments?post=2143"}],"version-history":[{"count":43,"href":"https:\/\/blanche.legal\/index.php\/wp-json\/wp\/v2\/pages\/2143\/revisions"}],"predecessor-version":[{"id":5497,"href":"https:\/\/blanche.legal\/index.php\/wp-json\/wp\/v2\/pages\/2143\/revisions\/5497"}],"wp:attachment":[{"href":"https:\/\/blanche.legal\/index.php\/wp-json\/wp\/v2\/media?parent=2143"}],"curies":[{"name":"wp","href":"https:\/\/api.w.org\/{rel}","templated":true}]}}