{"id":2147,"date":"2023-04-23T17:22:55","date_gmt":"2023-04-23T15:22:55","guid":{"rendered":"http:\/\/aopyqbm.cluster027.hosting.ovh.net\/?page_id=2147"},"modified":"2025-11-03T18:35:52","modified_gmt":"2025-11-03T17:35:52","slug":"secteurs-media-publicitite-et-divertissement","status":"publish","type":"page","link":"https:\/\/blanche.legal\/index.php\/secteurs-media-publicitite-et-divertissement\/","title":{"rendered":"Secteurs &#8211; M\u00e9dia, publicitit\u00e9 et divertissement"},"content":{"rendered":"\t\t<div data-elementor-type=\"wp-page\" data-elementor-id=\"2147\" class=\"elementor elementor-2147\">\n\t\t\t\t\t\t<section class=\"elementor-section elementor-top-section elementor-element elementor-element-7d2f2a6 elementor-section-boxed elementor-section-height-default elementor-section-height-default\" data-id=\"7d2f2a6\" data-element_type=\"section\" data-e-type=\"section\">\n\t\t\t\t\t\t<div class=\"elementor-container elementor-column-gap-default\">\n\t\t\t\t\t<div class=\"elementor-column elementor-col-100 elementor-top-column elementor-element elementor-element-6b9cb90\" data-id=\"6b9cb90\" data-element_type=\"column\" data-e-type=\"column\">\n\t\t\t<div class=\"elementor-widget-wrap elementor-element-populated\">\n\t\t\t\t\t\t<section class=\"elementor-section elementor-inner-section elementor-element elementor-element-c3d73da elementor-section-boxed elementor-section-height-default elementor-section-height-default\" data-id=\"c3d73da\" data-element_type=\"section\" data-e-type=\"section\">\n\t\t\t\t\t\t<div class=\"elementor-container elementor-column-gap-default\">\n\t\t\t\t\t<div class=\"elementor-column elementor-col-50 elementor-inner-column elementor-element elementor-element-a068281\" data-id=\"a068281\" data-element_type=\"column\" data-e-type=\"column\">\n\t\t\t<div class=\"elementor-widget-wrap elementor-element-populated\">\n\t\t\t\t\t\t<div class=\"elementor-element elementor-element-f7312f2 BoutonExpertises elementor-widget elementor-widget-button\" data-id=\"f7312f2\" data-element_type=\"widget\" data-e-type=\"widget\" data-widget_type=\"button.default\">\n\t\t\t\t<div class=\"elementor-widget-container\">\n\t\t\t\t\t\t\t\t\t<div class=\"elementor-button-wrapper\">\n\t\t\t\t\t<a class=\"elementor-button elementor-button-link elementor-size-sm\" href=\"https:\/\/blanche.legal\/index.php\/secteurs\/\">\n\t\t\t\t\t\t<span class=\"elementor-button-content-wrapper\">\n\t\t\t\t\t\t\t\t\t<span class=\"elementor-button-text\">Retour<\/span>\n\t\t\t\t\t<\/span>\n\t\t\t\t\t<\/a>\n\t\t\t\t<\/div>\n\t\t\t\t\t\t\t\t<\/div>\n\t\t\t\t<\/div>\n\t\t\t\t\t<\/div>\n\t\t<\/div>\n\t\t\t\t<div class=\"elementor-column elementor-col-50 elementor-inner-column elementor-element elementor-element-12a7108\" data-id=\"12a7108\" data-element_type=\"column\" data-e-type=\"column\">\n\t\t\t<div class=\"elementor-widget-wrap elementor-element-populated\">\n\t\t\t\t\t\t<div class=\"elementor-element elementor-element-558e036 elementor-widget-divider--view-line elementor-widget elementor-widget-divider\" data-id=\"558e036\" data-element_type=\"widget\" data-e-type=\"widget\" data-widget_type=\"divider.default\">\n\t\t\t\t<div class=\"elementor-widget-container\">\n\t\t\t\t\t\t\t<div class=\"elementor-divider\">\n\t\t\t<span class=\"elementor-divider-separator\">\n\t\t\t\t\t\t<\/span>\n\t\t<\/div>\n\t\t\t\t\t\t<\/div>\n\t\t\t\t<\/div>\n\t\t\t\t\t<\/div>\n\t\t<\/div>\n\t\t\t\t\t<\/div>\n\t\t<\/section>\n\t\t\t\t\t<\/div>\n\t\t<\/div>\n\t\t\t\t\t<\/div>\n\t\t<\/section>\n\t\t\t\t<section class=\"elementor-section elementor-top-section elementor-element elementor-element-21b538f elementor-section-boxed elementor-section-height-default elementor-section-height-default\" data-id=\"21b538f\" data-element_type=\"section\" data-e-type=\"section\">\n\t\t\t\t\t\t<div class=\"elementor-container elementor-column-gap-default\">\n\t\t\t\t\t<div class=\"elementor-column elementor-col-100 elementor-top-column elementor-element elementor-element-4044291\" data-id=\"4044291\" data-element_type=\"column\" data-e-type=\"column\">\n\t\t\t<div class=\"elementor-widget-wrap elementor-element-populated\">\n\t\t\t\t\t\t<section class=\"elementor-section elementor-inner-section elementor-element elementor-element-a0ec9ac elementor-section-boxed elementor-section-height-default elementor-section-height-default\" data-id=\"a0ec9ac\" data-element_type=\"section\" data-e-type=\"section\">\n\t\t\t\t\t\t<div class=\"elementor-container elementor-column-gap-default\">\n\t\t\t\t\t<div class=\"elementor-column elementor-col-100 elementor-inner-column elementor-element elementor-element-cf3d71a\" data-id=\"cf3d71a\" data-element_type=\"column\" data-e-type=\"column\">\n\t\t\t<div class=\"elementor-widget-wrap elementor-element-populated\">\n\t\t\t\t\t\t<div class=\"elementor-element elementor-element-a8f4f45 BrandonGrotesque elementor-widget elementor-widget-heading\" data-id=\"a8f4f45\" data-element_type=\"widget\" data-e-type=\"widget\" data-widget_type=\"heading.default\">\n\t\t\t\t<div class=\"elementor-widget-container\">\n\t\t\t\t\t<h2 class=\"elementor-heading-title elementor-size-default\">M\u00e9dia, publicit\u00e9 et divertissement<\/h2>\t\t\t\t<\/div>\n\t\t\t\t<\/div>\n\t\t\t\t\t<\/div>\n\t\t<\/div>\n\t\t\t\t\t<\/div>\n\t\t<\/section>\n\t\t\t\t\t<\/div>\n\t\t<\/div>\n\t\t\t\t\t<\/div>\n\t\t<\/section>\n\t\t\t\t<section class=\"elementor-section elementor-top-section elementor-element elementor-element-34bd46e elementor-section-full_width elementor-section-height-default elementor-section-height-default\" data-id=\"34bd46e\" data-element_type=\"section\" data-e-type=\"section\">\n\t\t\t\t\t\t<div class=\"elementor-container elementor-column-gap-no\">\n\t\t\t\t\t<div class=\"elementor-column elementor-col-100 elementor-top-column elementor-element elementor-element-a72afd7\" data-id=\"a72afd7\" data-element_type=\"column\" data-e-type=\"column\">\n\t\t\t<div class=\"elementor-widget-wrap elementor-element-populated\">\n\t\t\t\t\t\t<div class=\"elementor-element elementor-element-e8c805d elementor-widget elementor-widget-image\" data-id=\"e8c805d\" data-element_type=\"widget\" data-e-type=\"widget\" data-widget_type=\"image.default\">\n\t\t\t\t<div class=\"elementor-widget-container\">\n\t\t\t\t\t\t\t\t\t\t\t\t\t\t\t<img fetchpriority=\"high\" decoding=\"async\" width=\"768\" height=\"719\" src=\"https:\/\/blanche.legal\/wp-content\/uploads\/2023\/04\/jon-tyson-H1ZwfJSsMVk-unsplash-copie-scaled-e1682258412708-768x719.jpg\" class=\"attachment-medium_large size-medium_large wp-image-981\" alt=\"\" srcset=\"https:\/\/blanche.legal\/wp-content\/uploads\/2023\/04\/jon-tyson-H1ZwfJSsMVk-unsplash-copie-scaled-e1682258412708-768x719.jpg 768w, https:\/\/blanche.legal\/wp-content\/uploads\/2023\/04\/jon-tyson-H1ZwfJSsMVk-unsplash-copie-scaled-e1682258412708-300x281.jpg 300w, https:\/\/blanche.legal\/wp-content\/uploads\/2023\/04\/jon-tyson-H1ZwfJSsMVk-unsplash-copie-scaled-e1682258412708-1024x959.jpg 1024w, https:\/\/blanche.legal\/wp-content\/uploads\/2023\/04\/jon-tyson-H1ZwfJSsMVk-unsplash-copie-scaled-e1682258412708-1536x1438.jpg 1536w, https:\/\/blanche.legal\/wp-content\/uploads\/2023\/04\/jon-tyson-H1ZwfJSsMVk-unsplash-copie-scaled-e1682258412708.jpg 1920w\" sizes=\"(max-width: 768px) 100vw, 768px\" \/>\t\t\t\t\t\t\t\t\t\t\t\t\t\t\t<\/div>\n\t\t\t\t<\/div>\n\t\t\t\t\t<\/div>\n\t\t<\/div>\n\t\t\t\t\t<\/div>\n\t\t<\/section>\n\t\t\t\t<section class=\"elementor-section elementor-top-section elementor-element elementor-element-b433e89 NoMargin elementor-section-boxed elementor-section-height-default elementor-section-height-default\" data-id=\"b433e89\" data-element_type=\"section\" data-e-type=\"section\">\n\t\t\t\t\t\t<div class=\"elementor-container elementor-column-gap-default\">\n\t\t\t\t\t<div class=\"elementor-column elementor-col-100 elementor-top-column elementor-element elementor-element-19a2375\" data-id=\"19a2375\" data-element_type=\"column\" data-e-type=\"column\">\n\t\t\t<div class=\"elementor-widget-wrap elementor-element-populated\">\n\t\t\t\t\t\t<div class=\"elementor-element elementor-element-d507f64 ListSpaced elementor-widget elementor-widget-text-editor\" data-id=\"d507f64\" data-element_type=\"widget\" data-e-type=\"widget\" data-widget_type=\"text-editor.default\">\n\t\t\t\t<div class=\"elementor-widget-container\">\n\t\t\t\t\t\t\t\t\t<p>Dossiers significatifs\u00a0sur lesquels nos avocats sont intervenus :<\/p><ul><li>Assistance d\u2019un r\u00e9seau social mondial sur l\u2019ensemble de ses sujets de propri\u00e9t\u00e9 intellectuelle, y compris la protection et d\u00e9fense de ses marques.<\/li><li>Repr\u00e9sentation et d\u00e9fense d\u2019une agence internationale de communication et de publicit\u00e9 dans le cadre d\u2019une expertise judiciaire et d\u2019une action en contrefa\u00e7on de droit d\u2019auteur en mati\u00e8re de musique pour une publicit\u00e9 mondiale.<\/li><li>N\u00e9gociation pr\u00e9contentieuse d\u2019accords transactionnels pour un groupe publicitaire mondial dans le cadre de r\u00e9clamations en mati\u00e8re de contrefa\u00e7on de droit d\u2019auteur et de d\u00e9nigrement.<\/li><li>Repr\u00e9sentation d\u2019une agence am\u00e9ricaine de photographie et de banque d\u2019images dans le cadre d\u2019une proc\u00e9dure judiciaire en contrefa\u00e7on de droit d\u2019auteur.<\/li><li>Repr\u00e9sentation en demande d\u2019une agence internationale de communication et de publicit\u00e9 dans plusieurs contentieux sur l\u2019ex\u00e9cution et le parfait ach\u00e8vement de ses contrats commerciaux.<\/li><li>Analyse de risque (IP, Loi Evin, Droit de la consommation) pour une agence de communication dans le cadre du lancement de spots publicitaires (TV, radio et \u00abprint\u00bb).<\/li><\/ul>\t\t\t\t\t\t\t\t<\/div>\n\t\t\t\t<\/div>\n\t\t\t\t\t<\/div>\n\t\t<\/div>\n\t\t\t\t\t<\/div>\n\t\t<\/section>\n\t\t\t\t<section class=\"elementor-section elementor-top-section elementor-element elementor-element-163b05b elementor-section-boxed elementor-section-height-default elementor-section-height-default\" data-id=\"163b05b\" data-element_type=\"section\" data-e-type=\"section\">\n\t\t\t\t\t\t<div class=\"elementor-container elementor-column-gap-default\">\n\t\t\t\t\t<div class=\"elementor-column elementor-col-100 elementor-top-column elementor-element elementor-element-9436c19\" data-id=\"9436c19\" data-element_type=\"column\" data-e-type=\"column\">\n\t\t\t<div class=\"elementor-widget-wrap elementor-element-populated\">\n\t\t\t\t\t\t<div class=\"elementor-element elementor-element-c8161e8 elementor-widget elementor-widget-spacer\" data-id=\"c8161e8\" data-element_type=\"widget\" data-e-type=\"widget\" data-widget_type=\"spacer.default\">\n\t\t\t\t<div class=\"elementor-widget-container\">\n\t\t\t\t\t\t\t<div class=\"elementor-spacer\">\n\t\t\t<div class=\"elementor-spacer-inner\"><\/div>\n\t\t<\/div>\n\t\t\t\t\t\t<\/div>\n\t\t\t\t<\/div>\n\t\t\t\t\t<\/div>\n\t\t<\/div>\n\t\t\t\t\t<\/div>\n\t\t<\/section>\n\t\t\t\t<section class=\"elementor-section elementor-top-section elementor-element elementor-element-0a6d522 elementor-section-full_width elementor-section-height-default elementor-section-height-default\" data-id=\"0a6d522\" data-element_type=\"section\" data-e-type=\"section\">\n\t\t\t\t\t\t<div class=\"elementor-container elementor-column-gap-default\">\n\t\t\t\t\t<div class=\"elementor-column elementor-col-100 elementor-top-column elementor-element elementor-element-5a9ee2b\" data-id=\"5a9ee2b\" data-element_type=\"column\" data-e-type=\"column\">\n\t\t\t<div class=\"elementor-widget-wrap elementor-element-populated\">\n\t\t\t\t\t\t<div class=\"elementor-element elementor-element-6c513cc elementor-widget-divider--view-line elementor-widget elementor-widget-divider\" data-id=\"6c513cc\" data-element_type=\"widget\" data-e-type=\"widget\" data-widget_type=\"divider.default\">\n\t\t\t\t<div class=\"elementor-widget-container\">\n\t\t\t\t\t\t\t<div class=\"elementor-divider\">\n\t\t\t<span class=\"elementor-divider-separator\">\n\t\t\t\t\t\t<\/span>\n\t\t<\/div>\n\t\t\t\t\t\t<\/div>\n\t\t\t\t<\/div>\n\t\t\t\t\t<\/div>\n\t\t<\/div>\n\t\t\t\t\t<\/div>\n\t\t<\/section>\n\t\t\t\t<section class=\"elementor-section elementor-top-section elementor-element elementor-element-6188036 elementor-section-boxed elementor-section-height-default elementor-section-height-default\" data-id=\"6188036\" data-element_type=\"section\" data-e-type=\"section\">\n\t\t\t\t\t\t<div class=\"elementor-container elementor-column-gap-default\">\n\t\t\t\t\t<div class=\"elementor-column elementor-col-20 elementor-top-column elementor-element elementor-element-b111c8e\" data-id=\"b111c8e\" data-element_type=\"column\" data-e-type=\"column\">\n\t\t\t<div class=\"elementor-widget-wrap\">\n\t\t\t\t\t\t\t<\/div>\n\t\t<\/div>\n\t\t\t\t<div class=\"elementor-column elementor-col-20 elementor-top-column elementor-element elementor-element-7b44e35\" data-id=\"7b44e35\" data-element_type=\"column\" data-e-type=\"column\">\n\t\t\t<div class=\"elementor-widget-wrap elementor-element-populated\">\n\t\t\t\t\t\t<div class=\"elementor-element elementor-element-b67e88f elementor-hidden-mobile elementor-widget elementor-widget-text-editor\" data-id=\"b67e88f\" data-element_type=\"widget\" data-e-type=\"widget\" data-widget_type=\"text-editor.default\">\n\t\t\t\t<div class=\"elementor-widget-container\">\n\t\t\t\t\t\t\t\t\t<p><a href=\"https:\/\/blanche.legal\/index.php\/politique-de-confidentialite\/\">Politique de confidentialit\u00e9<\/a><\/p>\t\t\t\t\t\t\t\t<\/div>\n\t\t\t\t<\/div>\n\t\t\t\t\t<\/div>\n\t\t<\/div>\n\t\t\t\t<div class=\"elementor-column elementor-col-20 elementor-top-column elementor-element elementor-element-41fddd1\" data-id=\"41fddd1\" data-element_type=\"column\" data-e-type=\"column\">\n\t\t\t<div class=\"elementor-widget-wrap elementor-element-populated\">\n\t\t\t\t\t\t<div class=\"elementor-element elementor-element-a83ff57 elementor-widget elementor-widget-image\" data-id=\"a83ff57\" data-element_type=\"widget\" data-e-type=\"widget\" data-widget_type=\"image.default\">\n\t\t\t\t<div class=\"elementor-widget-container\">\n\t\t\t\t\t\t\t\t\t\t\t\t\t\t\t\t<a href=\"https:\/\/www.linkedin.com\/company\/blanche-avocats\" target=\"_blank\">\n\t\t\t\t\t\t\t<img decoding=\"async\" src=\"https:\/\/blanche.legal\/wp-content\/uploads\/2025\/11\/Linkedin.svg\" alt=\"Linkedin\" loading=\"lazy\" \/>\t\t\t\t\t\t\t\t<\/a>\n\t\t\t\t\t\t\t\t\t\t\t\t\t\t\t<\/div>\n\t\t\t\t<\/div>\n\t\t\t\t\t<\/div>\n\t\t<\/div>\n\t\t\t\t<div class=\"elementor-column elementor-col-20 elementor-top-column elementor-element elementor-element-0435b88\" data-id=\"0435b88\" data-element_type=\"column\" data-e-type=\"column\">\n\t\t\t<div class=\"elementor-widget-wrap elementor-element-populated\">\n\t\t\t\t\t\t<div class=\"elementor-element elementor-element-35798e6 NoMargin elementor-hidden-desktop elementor-hidden-tablet elementor-widget elementor-widget-text-editor\" data-id=\"35798e6\" data-element_type=\"widget\" data-e-type=\"widget\" data-widget_type=\"text-editor.default\">\n\t\t\t\t<div class=\"elementor-widget-container\">\n\t\t\t\t\t\t\t\t\t<p><a href=\"https:\/\/blanche.legal\/index.php\/politique-de-confidentialite\/\">Politique de confidentialit\u00e9<\/a><\/p>\t\t\t\t\t\t\t\t<\/div>\n\t\t\t\t<\/div>\n\t\t\t\t<div class=\"elementor-element elementor-element-72a9fe8 NoMargin elementor-widget elementor-widget-text-editor\" data-id=\"72a9fe8\" data-element_type=\"widget\" data-e-type=\"widget\" data-widget_type=\"text-editor.default\">\n\t\t\t\t<div class=\"elementor-widget-container\">\n\t\t\t\t\t\t\t\t\t<p><a href=\"https:\/\/blanche.legal\/index.php\/mentions-legales\/\">Mentions l\u00e9gales<\/a><\/p>\t\t\t\t\t\t\t\t<\/div>\n\t\t\t\t<\/div>\n\t\t\t\t\t<\/div>\n\t\t<\/div>\n\t\t\t\t<div class=\"elementor-column elementor-col-20 elementor-top-column elementor-element elementor-element-f169036\" data-id=\"f169036\" data-element_type=\"column\" data-e-type=\"column\">\n\t\t\t<div class=\"elementor-widget-wrap\">\n\t\t\t\t\t\t\t<\/div>\n\t\t<\/div>\n\t\t\t\t\t<\/div>\n\t\t<\/section>\n\t\t\t\t<\/div>\n\t\t","protected":false},"excerpt":{"rendered":"<p>Retour M\u00e9dia, publicit\u00e9 et divertissement Dossiers significatifs\u00a0sur lesquels nos avocats sont intervenus : Assistance d\u2019un r\u00e9seau social mondial sur l\u2019ensemble de ses sujets de propri\u00e9t\u00e9 intellectuelle, y compris la protection et d\u00e9fense de ses marques. Repr\u00e9sentation et d\u00e9fense d\u2019une agence internationale de communication et de publicit\u00e9 dans le cadre d\u2019une expertise judiciaire et d\u2019une action&hellip;&nbsp;<a href=\"https:\/\/blanche.legal\/index.php\/secteurs-media-publicitite-et-divertissement\/\" class=\"\" rel=\"bookmark\">Lire la suite &raquo;<span class=\"screen-reader-text\">Secteurs &#8211; M\u00e9dia, publicitit\u00e9 et divertissement<\/span><\/a><\/p>\n","protected":false},"author":1,"featured_media":0,"parent":0,"menu_order":0,"comment_status":"closed","ping_status":"closed","template":"page-templates\/template-pagebuilder-full-width.php","meta":{"inline_featured_image":false,"neve_meta_sidebar":"","neve_meta_container":"","neve_meta_enable_content_width":"","neve_meta_content_width":0,"neve_meta_title_alignment":"","neve_meta_author_avatar":"","neve_post_elements_order":"","neve_meta_disable_header":"","neve_meta_disable_footer":"","neve_meta_disable_title":"","footnotes":""},"class_list":["post-2147","page","type-page","status-publish","hentry"],"_links":{"self":[{"href":"https:\/\/blanche.legal\/index.php\/wp-json\/wp\/v2\/pages\/2147","targetHints":{"allow":["GET"]}}],"collection":[{"href":"https:\/\/blanche.legal\/index.php\/wp-json\/wp\/v2\/pages"}],"about":[{"href":"https:\/\/blanche.legal\/index.php\/wp-json\/wp\/v2\/types\/page"}],"author":[{"embeddable":true,"href":"https:\/\/blanche.legal\/index.php\/wp-json\/wp\/v2\/users\/1"}],"replies":[{"embeddable":true,"href":"https:\/\/blanche.legal\/index.php\/wp-json\/wp\/v2\/comments?post=2147"}],"version-history":[{"count":34,"href":"https:\/\/blanche.legal\/index.php\/wp-json\/wp\/v2\/pages\/2147\/revisions"}],"predecessor-version":[{"id":5491,"href":"https:\/\/blanche.legal\/index.php\/wp-json\/wp\/v2\/pages\/2147\/revisions\/5491"}],"wp:attachment":[{"href":"https:\/\/blanche.legal\/index.php\/wp-json\/wp\/v2\/media?parent=2147"}],"curies":[{"name":"wp","href":"https:\/\/api.w.org\/{rel}","templated":true}]}}