{"id":2149,"date":"2023-04-23T17:23:06","date_gmt":"2023-04-23T15:23:06","guid":{"rendered":"http:\/\/aopyqbm.cluster027.hosting.ovh.net\/?page_id=2149"},"modified":"2025-11-03T18:31:44","modified_gmt":"2025-11-03T17:31:44","slug":"secteurs-agroalimentaire-et-biens-de-consommation","status":"publish","type":"page","link":"https:\/\/blanche.legal\/index.php\/secteurs-agroalimentaire-et-biens-de-consommation\/","title":{"rendered":"Secteurs &#8211; Agroalimentaire et biens de consommation"},"content":{"rendered":"\t\t<div data-elementor-type=\"wp-page\" data-elementor-id=\"2149\" class=\"elementor elementor-2149\">\n\t\t\t\t\t\t<section class=\"elementor-section elementor-top-section elementor-element elementor-element-e31766e elementor-section-boxed elementor-section-height-default elementor-section-height-default\" data-id=\"e31766e\" data-element_type=\"section\" data-e-type=\"section\">\n\t\t\t\t\t\t<div class=\"elementor-container elementor-column-gap-default\">\n\t\t\t\t\t<div class=\"elementor-column elementor-col-100 elementor-top-column elementor-element elementor-element-71d9616\" data-id=\"71d9616\" data-element_type=\"column\" data-e-type=\"column\">\n\t\t\t<div class=\"elementor-widget-wrap elementor-element-populated\">\n\t\t\t\t\t\t<section class=\"elementor-section elementor-inner-section elementor-element elementor-element-17a8794 elementor-section-boxed elementor-section-height-default elementor-section-height-default\" data-id=\"17a8794\" data-element_type=\"section\" data-e-type=\"section\">\n\t\t\t\t\t\t<div class=\"elementor-container elementor-column-gap-default\">\n\t\t\t\t\t<div class=\"elementor-column elementor-col-50 elementor-inner-column elementor-element elementor-element-e01505f\" data-id=\"e01505f\" data-element_type=\"column\" data-e-type=\"column\">\n\t\t\t<div class=\"elementor-widget-wrap elementor-element-populated\">\n\t\t\t\t\t\t<div class=\"elementor-element elementor-element-67c411e BoutonExpertises elementor-widget elementor-widget-button\" data-id=\"67c411e\" data-element_type=\"widget\" data-e-type=\"widget\" data-widget_type=\"button.default\">\n\t\t\t\t<div class=\"elementor-widget-container\">\n\t\t\t\t\t\t\t\t\t<div class=\"elementor-button-wrapper\">\n\t\t\t\t\t<a class=\"elementor-button elementor-button-link elementor-size-sm\" href=\"https:\/\/blanche.legal\/index.php\/secteurs\/\">\n\t\t\t\t\t\t<span class=\"elementor-button-content-wrapper\">\n\t\t\t\t\t\t\t\t\t<span class=\"elementor-button-text\">Retour<\/span>\n\t\t\t\t\t<\/span>\n\t\t\t\t\t<\/a>\n\t\t\t\t<\/div>\n\t\t\t\t\t\t\t\t<\/div>\n\t\t\t\t<\/div>\n\t\t\t\t\t<\/div>\n\t\t<\/div>\n\t\t\t\t<div class=\"elementor-column elementor-col-50 elementor-inner-column elementor-element elementor-element-bca136c\" data-id=\"bca136c\" data-element_type=\"column\" data-e-type=\"column\">\n\t\t\t<div class=\"elementor-widget-wrap elementor-element-populated\">\n\t\t\t\t\t\t<div class=\"elementor-element elementor-element-6a12ec6 elementor-widget-divider--view-line elementor-widget elementor-widget-divider\" data-id=\"6a12ec6\" data-element_type=\"widget\" data-e-type=\"widget\" data-widget_type=\"divider.default\">\n\t\t\t\t<div class=\"elementor-widget-container\">\n\t\t\t\t\t\t\t<div class=\"elementor-divider\">\n\t\t\t<span class=\"elementor-divider-separator\">\n\t\t\t\t\t\t<\/span>\n\t\t<\/div>\n\t\t\t\t\t\t<\/div>\n\t\t\t\t<\/div>\n\t\t\t\t\t<\/div>\n\t\t<\/div>\n\t\t\t\t\t<\/div>\n\t\t<\/section>\n\t\t\t\t\t<\/div>\n\t\t<\/div>\n\t\t\t\t\t<\/div>\n\t\t<\/section>\n\t\t\t\t<section class=\"elementor-section elementor-top-section elementor-element elementor-element-77e0c16 elementor-section-boxed elementor-section-height-default elementor-section-height-default\" data-id=\"77e0c16\" data-element_type=\"section\" data-e-type=\"section\">\n\t\t\t\t\t\t<div class=\"elementor-container elementor-column-gap-default\">\n\t\t\t\t\t<div class=\"elementor-column elementor-col-100 elementor-top-column elementor-element elementor-element-2deaa06\" data-id=\"2deaa06\" data-element_type=\"column\" data-e-type=\"column\">\n\t\t\t<div class=\"elementor-widget-wrap elementor-element-populated\">\n\t\t\t\t\t\t<section class=\"elementor-section elementor-inner-section elementor-element elementor-element-886c360 elementor-section-boxed elementor-section-height-default elementor-section-height-default\" data-id=\"886c360\" data-element_type=\"section\" data-e-type=\"section\">\n\t\t\t\t\t\t<div class=\"elementor-container elementor-column-gap-default\">\n\t\t\t\t\t<div class=\"elementor-column elementor-col-100 elementor-inner-column elementor-element elementor-element-367f683\" data-id=\"367f683\" data-element_type=\"column\" data-e-type=\"column\">\n\t\t\t<div class=\"elementor-widget-wrap elementor-element-populated\">\n\t\t\t\t\t\t<div class=\"elementor-element elementor-element-ba7ce15 BrandonGrotesque elementor-widget elementor-widget-heading\" data-id=\"ba7ce15\" data-element_type=\"widget\" data-e-type=\"widget\" data-widget_type=\"heading.default\">\n\t\t\t\t<div class=\"elementor-widget-container\">\n\t\t\t\t\t<h2 class=\"elementor-heading-title elementor-size-default\">Agroalimentaire et biens de consommation<\/h2>\t\t\t\t<\/div>\n\t\t\t\t<\/div>\n\t\t\t\t\t<\/div>\n\t\t<\/div>\n\t\t\t\t\t<\/div>\n\t\t<\/section>\n\t\t\t\t\t<\/div>\n\t\t<\/div>\n\t\t\t\t\t<\/div>\n\t\t<\/section>\n\t\t\t\t<section class=\"elementor-section elementor-top-section elementor-element elementor-element-36b1303 elementor-section-full_width elementor-section-height-default elementor-section-height-default\" data-id=\"36b1303\" data-element_type=\"section\" data-e-type=\"section\">\n\t\t\t\t\t\t<div class=\"elementor-container elementor-column-gap-no\">\n\t\t\t\t\t<div class=\"elementor-column elementor-col-100 elementor-top-column elementor-element elementor-element-52b21a8\" data-id=\"52b21a8\" data-element_type=\"column\" data-e-type=\"column\">\n\t\t\t<div class=\"elementor-widget-wrap elementor-element-populated\">\n\t\t\t\t\t\t<div class=\"elementor-element elementor-element-38cf784 elementor-widget elementor-widget-image\" data-id=\"38cf784\" data-element_type=\"widget\" data-e-type=\"widget\" data-widget_type=\"image.default\">\n\t\t\t\t<div class=\"elementor-widget-container\">\n\t\t\t\t\t\t\t\t\t\t\t\t\t\t\t<img fetchpriority=\"high\" decoding=\"async\" width=\"768\" height=\"962\" src=\"https:\/\/blanche.legal\/wp-content\/uploads\/2023\/04\/robert-wiedemann-FJGZFxtQWko-unsplash-scaled-e1682198646453-768x962.jpg\" class=\"attachment-medium_large size-medium_large wp-image-985\" alt=\"\" srcset=\"https:\/\/blanche.legal\/wp-content\/uploads\/2023\/04\/robert-wiedemann-FJGZFxtQWko-unsplash-scaled-e1682198646453-768x962.jpg 768w, https:\/\/blanche.legal\/wp-content\/uploads\/2023\/04\/robert-wiedemann-FJGZFxtQWko-unsplash-scaled-e1682198646453-240x300.jpg 240w, https:\/\/blanche.legal\/wp-content\/uploads\/2023\/04\/robert-wiedemann-FJGZFxtQWko-unsplash-scaled-e1682198646453-818x1024.jpg 818w, https:\/\/blanche.legal\/wp-content\/uploads\/2023\/04\/robert-wiedemann-FJGZFxtQWko-unsplash-scaled-e1682198646453-1226x1536.jpg 1226w, https:\/\/blanche.legal\/wp-content\/uploads\/2023\/04\/robert-wiedemann-FJGZFxtQWko-unsplash-scaled-e1682198646453.jpg 1363w\" sizes=\"(max-width: 768px) 100vw, 768px\" \/>\t\t\t\t\t\t\t\t\t\t\t\t\t\t\t<\/div>\n\t\t\t\t<\/div>\n\t\t\t\t\t<\/div>\n\t\t<\/div>\n\t\t\t\t\t<\/div>\n\t\t<\/section>\n\t\t\t\t<section class=\"elementor-section elementor-top-section elementor-element elementor-element-884f6c9 NoMargin elementor-section-boxed elementor-section-height-default elementor-section-height-default\" data-id=\"884f6c9\" data-element_type=\"section\" data-e-type=\"section\">\n\t\t\t\t\t\t<div class=\"elementor-container elementor-column-gap-default\">\n\t\t\t\t\t<div class=\"elementor-column elementor-col-100 elementor-top-column elementor-element elementor-element-65a6b88\" data-id=\"65a6b88\" data-element_type=\"column\" data-e-type=\"column\">\n\t\t\t<div class=\"elementor-widget-wrap elementor-element-populated\">\n\t\t\t\t\t\t<div class=\"elementor-element elementor-element-87e5563 ListSpaced elementor-widget elementor-widget-text-editor\" data-id=\"87e5563\" data-element_type=\"widget\" data-e-type=\"widget\" data-widget_type=\"text-editor.default\">\n\t\t\t\t<div class=\"elementor-widget-container\">\n\t\t\t\t\t\t\t\t\t<p>Dossiers significatifs sur lesquels nos avocats sont intervenus :<\/p><ul><li>D\u00e9fense d\u2019un producteur de boissons dans le cadre d\u2019un litige complexe et cross-border (France, Pays-Bas, Suisse) contre un groupe international de l\u2019agroalimentaire, en mati\u00e8re de contrefa\u00e7on de brevet de dispositif et proc\u00e9d\u00e9, ayant impliqu\u00e9 des r\u00e9f\u00e9r\u00e9s interdiction, actions en contrefa\u00e7on et une proc\u00e9dure commerciale en violation de clause d\u2019exclusivit\u00e9 ainsi que plusieurs oppositions et recours devant l\u2019Office Europ\u00e9en des Brevets.<\/li><li>Assistance d\u2019un fonds d\u2019investissement dans la pr\u00e9paration et la n\u00e9gociation d\u2019accords R&amp;D et licence de brevets et de savoir-faire dans le cadre d\u2019une joint-venture avec un acteur de la chimie verte.<\/li><li>Repr\u00e9sentation d\u2019une grande enseigne de supermarch\u00e9s dans le cadre de plusieurs proc\u00e9dures judiciaires, dont un contentieux cross-border (France, Allemagne et Suisse) et complexe (r\u00e9f\u00e9r\u00e9 interdiction et action en contrefa\u00e7on) en mati\u00e8re de marque tridimensionnelle et des contentieux de contrefa\u00e7on de marque\/concurrence d\u00e9loyale dans les domaines du vin et droit d\u2019auteur\/mod\u00e8le dans le domaine du linge de maison.<\/li><li>Diverses analyses de risque (contrefa\u00e7on de marque, concurrence d\u00e9loyale, parasitisme) pour une grande enseigne de supermarch\u00e9s, en vue de lancement de produits.<\/li><li>Conseil de producteurs de spiritueux en mati\u00e8re de protection de leurs marques et de r\u00e9glementation en mati\u00e8re de publicit\u00e9 et \u00e9tiquetage.<\/li><li>Conseil d\u2019un groupe agro-industriel pour la mise en place d\u2019une politique de r\u00e9mun\u00e9ration des inventeurs salari\u00e9s.<\/li><li>Assistance d\u2019un fabricant de produits alimentaires surgel\u00e9s dans la r\u00e9daction et la n\u00e9gociation de licence de marque et accord de distribution.<\/li><\/ul>\t\t\t\t\t\t\t\t<\/div>\n\t\t\t\t<\/div>\n\t\t\t\t\t<\/div>\n\t\t<\/div>\n\t\t\t\t\t<\/div>\n\t\t<\/section>\n\t\t\t\t<section class=\"elementor-section elementor-top-section elementor-element elementor-element-afb696a elementor-section-boxed elementor-section-height-default elementor-section-height-default\" data-id=\"afb696a\" data-element_type=\"section\" data-e-type=\"section\">\n\t\t\t\t\t\t<div class=\"elementor-container elementor-column-gap-default\">\n\t\t\t\t\t<div class=\"elementor-column elementor-col-100 elementor-top-column elementor-element elementor-element-676fddc\" data-id=\"676fddc\" data-element_type=\"column\" data-e-type=\"column\">\n\t\t\t<div class=\"elementor-widget-wrap elementor-element-populated\">\n\t\t\t\t\t\t<div class=\"elementor-element elementor-element-5240c49 elementor-widget elementor-widget-spacer\" data-id=\"5240c49\" data-element_type=\"widget\" data-e-type=\"widget\" data-widget_type=\"spacer.default\">\n\t\t\t\t<div class=\"elementor-widget-container\">\n\t\t\t\t\t\t\t<div class=\"elementor-spacer\">\n\t\t\t<div class=\"elementor-spacer-inner\"><\/div>\n\t\t<\/div>\n\t\t\t\t\t\t<\/div>\n\t\t\t\t<\/div>\n\t\t\t\t\t<\/div>\n\t\t<\/div>\n\t\t\t\t\t<\/div>\n\t\t<\/section>\n\t\t\t\t<section class=\"elementor-section elementor-top-section elementor-element elementor-element-a0e8c94 elementor-section-full_width elementor-section-height-default elementor-section-height-default\" data-id=\"a0e8c94\" data-element_type=\"section\" data-e-type=\"section\">\n\t\t\t\t\t\t<div class=\"elementor-container elementor-column-gap-default\">\n\t\t\t\t\t<div class=\"elementor-column elementor-col-100 elementor-top-column elementor-element elementor-element-a8ad1b9\" data-id=\"a8ad1b9\" data-element_type=\"column\" data-e-type=\"column\">\n\t\t\t<div class=\"elementor-widget-wrap elementor-element-populated\">\n\t\t\t\t\t\t<div class=\"elementor-element elementor-element-a264b6f elementor-widget-divider--view-line elementor-widget elementor-widget-divider\" data-id=\"a264b6f\" data-element_type=\"widget\" data-e-type=\"widget\" data-widget_type=\"divider.default\">\n\t\t\t\t<div class=\"elementor-widget-container\">\n\t\t\t\t\t\t\t<div class=\"elementor-divider\">\n\t\t\t<span class=\"elementor-divider-separator\">\n\t\t\t\t\t\t<\/span>\n\t\t<\/div>\n\t\t\t\t\t\t<\/div>\n\t\t\t\t<\/div>\n\t\t\t\t\t<\/div>\n\t\t<\/div>\n\t\t\t\t\t<\/div>\n\t\t<\/section>\n\t\t\t\t<section class=\"elementor-section elementor-top-section elementor-element elementor-element-1929369 elementor-section-boxed elementor-section-height-default elementor-section-height-default\" data-id=\"1929369\" data-element_type=\"section\" data-e-type=\"section\">\n\t\t\t\t\t\t<div class=\"elementor-container elementor-column-gap-default\">\n\t\t\t\t\t<div class=\"elementor-column elementor-col-20 elementor-top-column elementor-element elementor-element-61b4c7f\" data-id=\"61b4c7f\" data-element_type=\"column\" data-e-type=\"column\">\n\t\t\t<div class=\"elementor-widget-wrap\">\n\t\t\t\t\t\t\t<\/div>\n\t\t<\/div>\n\t\t\t\t<div class=\"elementor-column elementor-col-20 elementor-top-column elementor-element elementor-element-3fa7168\" data-id=\"3fa7168\" data-element_type=\"column\" data-e-type=\"column\">\n\t\t\t<div class=\"elementor-widget-wrap elementor-element-populated\">\n\t\t\t\t\t\t<div class=\"elementor-element elementor-element-3f02ecc elementor-hidden-mobile elementor-widget elementor-widget-text-editor\" data-id=\"3f02ecc\" data-element_type=\"widget\" data-e-type=\"widget\" data-widget_type=\"text-editor.default\">\n\t\t\t\t<div class=\"elementor-widget-container\">\n\t\t\t\t\t\t\t\t\t<p><a href=\"https:\/\/blanche.legal\/index.php\/politique-de-confidentialite\/\">Politique de confidentialit\u00e9<\/a><\/p>\t\t\t\t\t\t\t\t<\/div>\n\t\t\t\t<\/div>\n\t\t\t\t\t<\/div>\n\t\t<\/div>\n\t\t\t\t<div class=\"elementor-column elementor-col-20 elementor-top-column elementor-element elementor-element-6cb6ead\" data-id=\"6cb6ead\" data-element_type=\"column\" data-e-type=\"column\">\n\t\t\t<div class=\"elementor-widget-wrap elementor-element-populated\">\n\t\t\t\t\t\t<div class=\"elementor-element elementor-element-d9f6ce3 elementor-widget elementor-widget-image\" data-id=\"d9f6ce3\" data-element_type=\"widget\" data-e-type=\"widget\" data-widget_type=\"image.default\">\n\t\t\t\t<div class=\"elementor-widget-container\">\n\t\t\t\t\t\t\t\t\t\t\t\t\t\t\t\t<a href=\"https:\/\/www.linkedin.com\/company\/blanche-avocats\" target=\"_blank\">\n\t\t\t\t\t\t\t<img decoding=\"async\" src=\"https:\/\/blanche.legal\/wp-content\/uploads\/2025\/11\/Linkedin.svg\" alt=\"Linkedin\" loading=\"lazy\" \/>\t\t\t\t\t\t\t\t<\/a>\n\t\t\t\t\t\t\t\t\t\t\t\t\t\t\t<\/div>\n\t\t\t\t<\/div>\n\t\t\t\t\t<\/div>\n\t\t<\/div>\n\t\t\t\t<div class=\"elementor-column elementor-col-20 elementor-top-column elementor-element elementor-element-237fca0\" data-id=\"237fca0\" data-element_type=\"column\" data-e-type=\"column\">\n\t\t\t<div class=\"elementor-widget-wrap elementor-element-populated\">\n\t\t\t\t\t\t<div class=\"elementor-element elementor-element-25a07a9 NoMargin elementor-hidden-desktop elementor-hidden-tablet elementor-widget elementor-widget-text-editor\" data-id=\"25a07a9\" data-element_type=\"widget\" data-e-type=\"widget\" data-widget_type=\"text-editor.default\">\n\t\t\t\t<div class=\"elementor-widget-container\">\n\t\t\t\t\t\t\t\t\t<p><a href=\"https:\/\/blanche.legal\/index.php\/politique-de-confidentialite\/\">Politique de confidentialit\u00e9<\/a><\/p>\t\t\t\t\t\t\t\t<\/div>\n\t\t\t\t<\/div>\n\t\t\t\t<div class=\"elementor-element elementor-element-191ef63 NoMargin elementor-widget elementor-widget-text-editor\" data-id=\"191ef63\" data-element_type=\"widget\" data-e-type=\"widget\" data-widget_type=\"text-editor.default\">\n\t\t\t\t<div class=\"elementor-widget-container\">\n\t\t\t\t\t\t\t\t\t<p><a href=\"https:\/\/blanche.legal\/index.php\/mentions-legales\/\">Mentions l\u00e9gales<\/a><\/p>\t\t\t\t\t\t\t\t<\/div>\n\t\t\t\t<\/div>\n\t\t\t\t\t<\/div>\n\t\t<\/div>\n\t\t\t\t<div class=\"elementor-column elementor-col-20 elementor-top-column elementor-element elementor-element-280af42\" data-id=\"280af42\" data-element_type=\"column\" data-e-type=\"column\">\n\t\t\t<div class=\"elementor-widget-wrap\">\n\t\t\t\t\t\t\t<\/div>\n\t\t<\/div>\n\t\t\t\t\t<\/div>\n\t\t<\/section>\n\t\t\t\t<\/div>\n\t\t","protected":false},"excerpt":{"rendered":"<p>Retour Agroalimentaire et biens de consommation Dossiers significatifs sur lesquels nos avocats sont intervenus : D\u00e9fense d\u2019un producteur de boissons dans le cadre d\u2019un litige complexe et cross-border (France, Pays-Bas, Suisse) contre un groupe international de l\u2019agroalimentaire, en mati\u00e8re de contrefa\u00e7on de brevet de dispositif et proc\u00e9d\u00e9, ayant impliqu\u00e9 des r\u00e9f\u00e9r\u00e9s interdiction, actions en contrefa\u00e7on&hellip;&nbsp;<a href=\"https:\/\/blanche.legal\/index.php\/secteurs-agroalimentaire-et-biens-de-consommation\/\" class=\"\" rel=\"bookmark\">Lire la suite &raquo;<span class=\"screen-reader-text\">Secteurs &#8211; Agroalimentaire et biens de consommation<\/span><\/a><\/p>\n","protected":false},"author":1,"featured_media":0,"parent":0,"menu_order":0,"comment_status":"closed","ping_status":"closed","template":"page-templates\/template-pagebuilder-full-width.php","meta":{"inline_featured_image":false,"neve_meta_sidebar":"","neve_meta_container":"","neve_meta_enable_content_width":"","neve_meta_content_width":0,"neve_meta_title_alignment":"","neve_meta_author_avatar":"","neve_post_elements_order":"","neve_meta_disable_header":"","neve_meta_disable_footer":"","neve_meta_disable_title":"","footnotes":""},"class_list":["post-2149","page","type-page","status-publish","hentry"],"_links":{"self":[{"href":"https:\/\/blanche.legal\/index.php\/wp-json\/wp\/v2\/pages\/2149","targetHints":{"allow":["GET"]}}],"collection":[{"href":"https:\/\/blanche.legal\/index.php\/wp-json\/wp\/v2\/pages"}],"about":[{"href":"https:\/\/blanche.legal\/index.php\/wp-json\/wp\/v2\/types\/page"}],"author":[{"embeddable":true,"href":"https:\/\/blanche.legal\/index.php\/wp-json\/wp\/v2\/users\/1"}],"replies":[{"embeddable":true,"href":"https:\/\/blanche.legal\/index.php\/wp-json\/wp\/v2\/comments?post=2149"}],"version-history":[{"count":49,"href":"https:\/\/blanche.legal\/index.php\/wp-json\/wp\/v2\/pages\/2149\/revisions"}],"predecessor-version":[{"id":5479,"href":"https:\/\/blanche.legal\/index.php\/wp-json\/wp\/v2\/pages\/2149\/revisions\/5479"}],"wp:attachment":[{"href":"https:\/\/blanche.legal\/index.php\/wp-json\/wp\/v2\/media?parent=2149"}],"curies":[{"name":"wp","href":"https:\/\/api.w.org\/{rel}","templated":true}]}}